{"id":65,"date":"2017-04-21T13:08:28","date_gmt":"2017-04-21T13:08:28","guid":{"rendered":"https:\/\/mc2-productions.net\/site\/femmesduchaosvenezuelien\/?page_id=65"},"modified":"2017-12-11T04:10:35","modified_gmt":"2017-12-11T04:10:35","slug":"contact","status":"publish","type":"page","link":"https:\/\/mc2-productions.net\/site\/femmesduchaosvenezuelien\/contact\/","title":{"rendered":"Contact"},"content":{"rendered":"<p>[et_pb_section bb_built=&#8221;1&#8243; admin_label=&#8221;section&#8221; fullwidth=&#8221;off&#8221; transparent_background=&#8221;off&#8221; allow_player_pause=&#8221;off&#8221; inner_shadow=&#8221;on&#8221; parallax=&#8221;on&#8221; parallax_method=&#8221;on&#8221; make_fullwidth=&#8221;off&#8221; use_custom_width=&#8221;off&#8221; width_unit=&#8221;on&#8221; make_equal=&#8221;off&#8221; use_custom_gutter=&#8221;off&#8221; background_image=&#8221;https:\/\/mc2-productions.net\/site\/femmesduchaosvenezuelien\/wp-content\/uploads\/2017\/04\/Contact-e1496429854531.png&#8221; background_color=&#8221;rgba(255,255,255,0.2)&#8221;][et_pb_row admin_label=&#8221;row&#8221; allow_player_pause=&#8221;off&#8221; parallax=&#8221;off&#8221; parallax_method=&#8221;on&#8221; parallax_1=&#8221;on&#8221; parallax_method_1=&#8221;off&#8221; parallax_2=&#8221;off&#8221; parallax_method_2=&#8221;off&#8221; make_fullwidth=&#8221;off&#8221; use_custom_width=&#8221;off&#8221; width_unit=&#8221;on&#8221; use_custom_gutter=&#8221;off&#8221; make_equal=&#8221;off&#8221; background_color_1=&#8221;#ffffff&#8221; padding_top_1=&#8221;20px&#8221; padding_right_1=&#8221;10px&#8221; padding_bottom_1=&#8221;10px&#8221; padding_left_1=&#8221;30px&#8221;][et_pb_column type=&#8221;1_2&#8243;][et_pb_code admin_label=&#8221;Code&#8221;]\n<div class=\"wpcf7 no-js\" id=\"wpcf7-f1048-o1\" lang=\"en-US\" dir=\"ltr\" data-wpcf7-id=\"1048\">\n<div class=\"screen-reader-response\"><p role=\"status\" aria-live=\"polite\" aria-atomic=\"true\"><\/p> <ul><\/ul><\/div>\n<form action=\"\/site\/femmesduchaosvenezuelien\/wp-json\/wp\/v2\/pages\/65#wpcf7-f1048-o1\" method=\"post\" class=\"wpcf7-form init\" aria-label=\"Contact form\" novalidate=\"novalidate\" data-status=\"init\">\n<div style=\"display: none;\">\n<input type=\"hidden\" name=\"_wpcf7\" value=\"1048\" \/>\n<input type=\"hidden\" name=\"_wpcf7_version\" value=\"6.0.6\" \/>\n<input type=\"hidden\" name=\"_wpcf7_locale\" value=\"en_US\" \/>\n<input type=\"hidden\" name=\"_wpcf7_unit_tag\" value=\"wpcf7-f1048-o1\" \/>\n<input type=\"hidden\" name=\"_wpcf7_container_post\" value=\"0\" \/>\n<input type=\"hidden\" name=\"_wpcf7_posted_data_hash\" value=\"\" \/>\n<\/div>\n<p><label> Name<br \/>\n<span class=\"wpcf7-form-control-wrap\" data-name=\"your-name\"><input size=\"40\" maxlength=\"400\" class=\"wpcf7-form-control wpcf7-text wpcf7-validates-as-required\" aria-required=\"true\" aria-invalid=\"false\" value=\"\" type=\"text\" name=\"your-name\" \/><\/span> <\/label>\n<\/p>\n<p><label> Email Address<br \/>\n<span class=\"wpcf7-form-control-wrap\" data-name=\"your-email\"><input size=\"40\" maxlength=\"400\" class=\"wpcf7-form-control wpcf7-email wpcf7-validates-as-required wpcf7-text wpcf7-validates-as-email\" aria-required=\"true\" aria-invalid=\"false\" value=\"\" type=\"email\" name=\"your-email\" \/><\/span> <\/label>\n<\/p>\n<p><label> Message<br \/>\n<span class=\"wpcf7-form-control-wrap\" data-name=\"your-message\"><textarea cols=\"40\" rows=\"10\" maxlength=\"2000\" class=\"wpcf7-form-control wpcf7-textarea\" aria-invalid=\"false\" name=\"your-message\"><\/textarea><\/span> <\/label>\n<\/p>\n<p><input class=\"wpcf7-form-control wpcf7-submit has-spinner\" type=\"submit\" value=\"Send\" \/>\n<\/p><div class=\"wpcf7-response-output\" aria-hidden=\"true\"><\/div>\n<\/form>\n<\/div>\n[\/et_pb_code][\/et_pb_column][et_pb_column type=&#8221;1_2&#8243;][\/et_pb_column][\/et_pb_row][\/et_pb_section]<\/p>\n","protected":false},"excerpt":{"rendered":"<p>[et_pb_section bb_built=&#8221;1&#8243; admin_label=&#8221;section&#8221; fullwidth=&#8221;off&#8221; transparent_background=&#8221;off&#8221; allow_player_pause=&#8221;off&#8221; inner_shadow=&#8221;on&#8221; parallax=&#8221;on&#8221; parallax_method=&#8221;on&#8221; make_fullwidth=&#8221;off&#8221; use_custom_width=&#8221;off&#8221; width_unit=&#8221;on&#8221; make_equal=&#8221;off&#8221; use_custom_gutter=&#8221;off&#8221; background_image=&#8221;https:\/\/mc2-productions.net\/site\/femmesduchaosvenezuelien\/wp-content\/uploads\/2017\/04\/Contact-e1496429854531.png&#8221; background_color=&#8221;rgba(255,255,255,0.2)&#8221;][et_pb_row admin_label=&#8221;row&#8221; allow_player_pause=&#8221;off&#8221; parallax=&#8221;off&#8221; parallax_method=&#8221;on&#8221; parallax_1=&#8221;on&#8221; parallax_method_1=&#8221;off&#8221; parallax_2=&#8221;off&#8221; parallax_method_2=&#8221;off&#8221; make_fullwidth=&#8221;off&#8221; use_custom_width=&#8221;off&#8221; width_unit=&#8221;on&#8221; use_custom_gutter=&#8221;off&#8221; make_equal=&#8221;off&#8221; background_color_1=&#8221;#ffffff&#8221; padding_top_1=&#8221;20px&#8221; padding_right_1=&#8221;10px&#8221; padding_bottom_1=&#8221;10px&#8221; padding_left_1=&#8221;30px&#8221;][et_pb_column type=&#8221;1_2&#8243;][et_pb_code admin_label=&#8221;Code&#8221;][\/et_pb_code][\/et_pb_column][et_pb_column type=&#8221;1_2&#8243;][\/et_pb_column][\/et_pb_row][\/et_pb_section]<\/p>\n","protected":false},"author":2,"featured_media":0,"parent":0,"menu_order":0,"comment_status":"closed","ping_status":"closed","template":"","meta":{"_et_pb_use_builder":"on","_et_pb_old_content":"","footnotes":""},"class_list":["post-65","page","type-page","status-publish","hentry"],"yoast_head":"<!-- This site is optimized with the Yoast SEO plugin v27.2 - https:\/\/yoast.com\/product\/yoast-seo-wordpress\/ -->\n<title>Femmes du Chaos V\u00e9n\u00e9zu\u00e9lien - Margarita Cadenas - Contact<\/title>\n<meta name=\"description\" content=\"Contact - Femmes du Chaos V\u00e9n\u00e9zu\u00e9lien - Margarita Cadenas Documentaire sur la crise politique, \u00e9conomique et sociale au Venezuela\" \/>\n<meta name=\"robots\" content=\"index, follow, max-snippet:-1, max-image-preview:large, max-video-preview:-1\" \/>\n<link rel=\"canonical\" href=\"https:\/\/mc2-productions.net\/site\/femmesduchaosvenezuelien\/contact\/\" \/>\n<meta property=\"og:locale\" content=\"en_US\" \/>\n<meta property=\"og:type\" content=\"article\" \/>\n<meta property=\"og:title\" content=\"Femmes du Chaos V\u00e9n\u00e9zu\u00e9lien - Margarita Cadenas - Contact\" \/>\n<meta property=\"og:description\" content=\"Contact - Femmes du Chaos V\u00e9n\u00e9zu\u00e9lien - Margarita Cadenas Documentaire sur la crise politique, \u00e9conomique et sociale au Venezuela\" \/>\n<meta property=\"og:url\" content=\"https:\/\/mc2-productions.net\/site\/femmesduchaosvenezuelien\/contact\/\" \/>\n<meta property=\"og:site_name\" content=\"Femmes du Chaos V\u00e9n\u00e9zu\u00e9lien \/ Women of the Venezuelan Chaos - Margarita Cadenas\" \/>\n<meta property=\"article:modified_time\" content=\"2017-12-11T04:10:35+00:00\" \/>\n<meta name=\"twitter:card\" content=\"summary_large_image\" \/>\n<meta name=\"twitter:label1\" content=\"Est. reading time\" \/>\n\t<meta name=\"twitter:data1\" content=\"1 minute\" \/>\n<script type=\"application\/ld+json\" class=\"yoast-schema-graph\">{\"@context\":\"https:\/\/schema.org\",\"@graph\":[{\"@type\":\"WebPage\",\"@id\":\"https:\/\/mc2-productions.net\/site\/femmesduchaosvenezuelien\/contact\/\",\"url\":\"https:\/\/mc2-productions.net\/site\/femmesduchaosvenezuelien\/contact\/\",\"name\":\"Femmes du Chaos V\u00e9n\u00e9zu\u00e9lien - Margarita Cadenas - Contact\",\"isPartOf\":{\"@id\":\"https:\/\/mc2-productions.net\/site\/femmesduchaosvenezuelien\/#website\"},\"datePublished\":\"2017-04-21T13:08:28+00:00\",\"dateModified\":\"2017-12-11T04:10:35+00:00\",\"description\":\"Contact - Femmes du Chaos V\u00e9n\u00e9zu\u00e9lien - Margarita Cadenas Documentaire sur la crise politique, \u00e9conomique et sociale au Venezuela\",\"breadcrumb\":{\"@id\":\"https:\/\/mc2-productions.net\/site\/femmesduchaosvenezuelien\/contact\/#breadcrumb\"},\"inLanguage\":\"en-US\",\"potentialAction\":[{\"@type\":\"ReadAction\",\"target\":[\"https:\/\/mc2-productions.net\/site\/femmesduchaosvenezuelien\/contact\/\"]}]},{\"@type\":\"BreadcrumbList\",\"@id\":\"https:\/\/mc2-productions.net\/site\/femmesduchaosvenezuelien\/contact\/#breadcrumb\",\"itemListElement\":[{\"@type\":\"ListItem\",\"position\":1,\"name\":\"Home\",\"item\":\"https:\/\/mc2-productions.net\/site\/femmesduchaosvenezuelien\/\"},{\"@type\":\"ListItem\",\"position\":2,\"name\":\"Contact\"}]},{\"@type\":\"WebSite\",\"@id\":\"https:\/\/mc2-productions.net\/site\/femmesduchaosvenezuelien\/#website\",\"url\":\"https:\/\/mc2-productions.net\/site\/femmesduchaosvenezuelien\/\",\"name\":\"Femmes du Chaos V\u00e9n\u00e9zu\u00e9lien \/ Women of the Venezuelan Chaos - Margarita Cadenas\",\"description\":\"un documentaire\",\"publisher\":{\"@id\":\"https:\/\/mc2-productions.net\/site\/femmesduchaosvenezuelien\/#organization\"},\"potentialAction\":[{\"@type\":\"SearchAction\",\"target\":{\"@type\":\"EntryPoint\",\"urlTemplate\":\"https:\/\/mc2-productions.net\/site\/femmesduchaosvenezuelien\/?s={search_term_string}\"},\"query-input\":{\"@type\":\"PropertyValueSpecification\",\"valueRequired\":true,\"valueName\":\"search_term_string\"}}],\"inLanguage\":\"en-US\"},{\"@type\":\"Organization\",\"@id\":\"https:\/\/mc2-productions.net\/site\/femmesduchaosvenezuelien\/#organization\",\"name\":\"Femmes du Chaos V\u00e9n\u00e9zu\u00e9lien \/ Women of the Venezuelan Chaos - Margarita Cadenas\",\"url\":\"https:\/\/mc2-productions.net\/site\/femmesduchaosvenezuelien\/\",\"logo\":{\"@type\":\"ImageObject\",\"inLanguage\":\"en-US\",\"@id\":\"https:\/\/mc2-productions.net\/site\/femmesduchaosvenezuelien\/#\/schema\/logo\/image\/\",\"url\":\"https:\/\/mc2-productions.net\/site\/femmesduchaosvenezuelien\/wp-content\/uploads\/2017\/10\/Logo-Femme-du-Chaos-Menu-web.png\",\"contentUrl\":\"https:\/\/mc2-productions.net\/site\/femmesduchaosvenezuelien\/wp-content\/uploads\/2017\/10\/Logo-Femme-du-Chaos-Menu-web.png\",\"width\":960,\"height\":489,\"caption\":\"Femmes du Chaos V\u00e9n\u00e9zu\u00e9lien \/ Women of the Venezuelan Chaos - Margarita Cadenas\"},\"image\":{\"@id\":\"https:\/\/mc2-productions.net\/site\/femmesduchaosvenezuelien\/#\/schema\/logo\/image\/\"}}]}<\/script>\n<!-- \/ Yoast SEO plugin. -->","yoast_head_json":{"title":"Femmes du Chaos V\u00e9n\u00e9zu\u00e9lien - Margarita Cadenas - Contact","description":"Contact - Femmes du Chaos V\u00e9n\u00e9zu\u00e9lien - Margarita Cadenas Documentaire sur la crise politique, \u00e9conomique et sociale au Venezuela","robots":{"index":"index","follow":"follow","max-snippet":"max-snippet:-1","max-image-preview":"max-image-preview:large","max-video-preview":"max-video-preview:-1"},"canonical":"https:\/\/mc2-productions.net\/site\/femmesduchaosvenezuelien\/contact\/","og_locale":"en_US","og_type":"article","og_title":"Femmes du Chaos V\u00e9n\u00e9zu\u00e9lien - Margarita Cadenas - Contact","og_description":"Contact - Femmes du Chaos V\u00e9n\u00e9zu\u00e9lien - Margarita Cadenas Documentaire sur la crise politique, \u00e9conomique et sociale au Venezuela","og_url":"https:\/\/mc2-productions.net\/site\/femmesduchaosvenezuelien\/contact\/","og_site_name":"Femmes du Chaos V\u00e9n\u00e9zu\u00e9lien \/ Women of the Venezuelan Chaos - Margarita Cadenas","article_modified_time":"2017-12-11T04:10:35+00:00","twitter_card":"summary_large_image","twitter_misc":{"Est. reading time":"1 minute"},"schema":{"@context":"https:\/\/schema.org","@graph":[{"@type":"WebPage","@id":"https:\/\/mc2-productions.net\/site\/femmesduchaosvenezuelien\/contact\/","url":"https:\/\/mc2-productions.net\/site\/femmesduchaosvenezuelien\/contact\/","name":"Femmes du Chaos V\u00e9n\u00e9zu\u00e9lien - Margarita Cadenas - Contact","isPartOf":{"@id":"https:\/\/mc2-productions.net\/site\/femmesduchaosvenezuelien\/#website"},"datePublished":"2017-04-21T13:08:28+00:00","dateModified":"2017-12-11T04:10:35+00:00","description":"Contact - Femmes du Chaos V\u00e9n\u00e9zu\u00e9lien - Margarita Cadenas Documentaire sur la crise politique, \u00e9conomique et sociale au Venezuela","breadcrumb":{"@id":"https:\/\/mc2-productions.net\/site\/femmesduchaosvenezuelien\/contact\/#breadcrumb"},"inLanguage":"en-US","potentialAction":[{"@type":"ReadAction","target":["https:\/\/mc2-productions.net\/site\/femmesduchaosvenezuelien\/contact\/"]}]},{"@type":"BreadcrumbList","@id":"https:\/\/mc2-productions.net\/site\/femmesduchaosvenezuelien\/contact\/#breadcrumb","itemListElement":[{"@type":"ListItem","position":1,"name":"Home","item":"https:\/\/mc2-productions.net\/site\/femmesduchaosvenezuelien\/"},{"@type":"ListItem","position":2,"name":"Contact"}]},{"@type":"WebSite","@id":"https:\/\/mc2-productions.net\/site\/femmesduchaosvenezuelien\/#website","url":"https:\/\/mc2-productions.net\/site\/femmesduchaosvenezuelien\/","name":"Femmes du Chaos V\u00e9n\u00e9zu\u00e9lien \/ Women of the Venezuelan Chaos - Margarita Cadenas","description":"un documentaire","publisher":{"@id":"https:\/\/mc2-productions.net\/site\/femmesduchaosvenezuelien\/#organization"},"potentialAction":[{"@type":"SearchAction","target":{"@type":"EntryPoint","urlTemplate":"https:\/\/mc2-productions.net\/site\/femmesduchaosvenezuelien\/?s={search_term_string}"},"query-input":{"@type":"PropertyValueSpecification","valueRequired":true,"valueName":"search_term_string"}}],"inLanguage":"en-US"},{"@type":"Organization","@id":"https:\/\/mc2-productions.net\/site\/femmesduchaosvenezuelien\/#organization","name":"Femmes du Chaos V\u00e9n\u00e9zu\u00e9lien \/ Women of the Venezuelan Chaos - Margarita Cadenas","url":"https:\/\/mc2-productions.net\/site\/femmesduchaosvenezuelien\/","logo":{"@type":"ImageObject","inLanguage":"en-US","@id":"https:\/\/mc2-productions.net\/site\/femmesduchaosvenezuelien\/#\/schema\/logo\/image\/","url":"https:\/\/mc2-productions.net\/site\/femmesduchaosvenezuelien\/wp-content\/uploads\/2017\/10\/Logo-Femme-du-Chaos-Menu-web.png","contentUrl":"https:\/\/mc2-productions.net\/site\/femmesduchaosvenezuelien\/wp-content\/uploads\/2017\/10\/Logo-Femme-du-Chaos-Menu-web.png","width":960,"height":489,"caption":"Femmes du Chaos V\u00e9n\u00e9zu\u00e9lien \/ Women of the Venezuelan Chaos - Margarita Cadenas"},"image":{"@id":"https:\/\/mc2-productions.net\/site\/femmesduchaosvenezuelien\/#\/schema\/logo\/image\/"}}]}},"_links":{"self":[{"href":"https:\/\/mc2-productions.net\/site\/femmesduchaosvenezuelien\/wp-json\/wp\/v2\/pages\/65","targetHints":{"allow":["GET"]}}],"collection":[{"href":"https:\/\/mc2-productions.net\/site\/femmesduchaosvenezuelien\/wp-json\/wp\/v2\/pages"}],"about":[{"href":"https:\/\/mc2-productions.net\/site\/femmesduchaosvenezuelien\/wp-json\/wp\/v2\/types\/page"}],"author":[{"embeddable":true,"href":"https:\/\/mc2-productions.net\/site\/femmesduchaosvenezuelien\/wp-json\/wp\/v2\/users\/2"}],"replies":[{"embeddable":true,"href":"https:\/\/mc2-productions.net\/site\/femmesduchaosvenezuelien\/wp-json\/wp\/v2\/comments?post=65"}],"version-history":[{"count":0,"href":"https:\/\/mc2-productions.net\/site\/femmesduchaosvenezuelien\/wp-json\/wp\/v2\/pages\/65\/revisions"}],"wp:attachment":[{"href":"https:\/\/mc2-productions.net\/site\/femmesduchaosvenezuelien\/wp-json\/wp\/v2\/media?parent=65"}],"curies":[{"name":"wp","href":"https:\/\/api.w.org\/{rel}","templated":true}]}}