{"id":59,"date":"2017-04-21T13:03:24","date_gmt":"2017-04-21T13:03:24","guid":{"rendered":"https:\/\/mc2-productions.net\/site\/femmesduchaosvenezuelien\/?page_id=59"},"modified":"2017-10-22T23:07:08","modified_gmt":"2017-10-22T23:07:08","slug":"venezuela","status":"publish","type":"page","link":"https:\/\/mc2-productions.net\/site\/femmesduchaosvenezuelien\/venezuela\/","title":{"rendered":"Venezuela"},"content":{"rendered":"<p>[et_pb_section bb_built=&#8221;1&#8243; admin_label=&#8221;Section&#8221; fullwidth=&#8221;off&#8221; specialty=&#8221;off&#8221; background_image=&#8221;https:\/\/mc2-productions.net\/site\/femmesduchaosvenezuelien\/wp-content\/uploads\/2017\/04\/playa.png&#8221; transparent_background=&#8221;off&#8221; allow_player_pause=&#8221;off&#8221; inner_shadow=&#8221;off&#8221; parallax=&#8221;off&#8221; parallax_method=&#8221;on&#8221; make_fullwidth=&#8221;off&#8221; use_custom_width=&#8221;off&#8221; width_unit=&#8221;on&#8221; make_equal=&#8221;off&#8221; use_custom_gutter=&#8221;off&#8221;][et_pb_row admin_label=&#8221;Row&#8221;][et_pb_column type=&#8221;3_4&#8243;][et_pb_text admin_label=&#8221;Text&#8221; background_layout=&#8221;dark&#8221; text_orientation=&#8221;left&#8221; use_border_color=&#8221;off&#8221; border_color=&#8221;#ffffff&#8221; border_style=&#8221;solid&#8221;]<\/p>\n<h1><span style=\"color: #ffffff;\"><strong>Venezuela<\/strong><\/span><\/h1>\n<p><span style=\"color: #ffffff;\">Le Venezuela est le pays poss\u00e9dant les plus grandes r\u00e9serves de p\u00e9trole au monde et bien d\u2019autres ressources naturelles. Il \u00e9tait leader en Am\u00e9rique Latine par son modernisme, sa d\u00e9mocratie, sa croissance \u00e9conomique, ses avanc\u00e9es technologiques, et \u00e9tait vu comme \u00ab la terre promise \u00bb. Aujourd&#8217;hui, il traverse une crise qui touche la nation enti\u00e8re, la plus catastrophique que le Venezuela ait connu de toute son histoire.<\/span><\/p>\n<p><span style=\"color: #ffffff;\"><strong>Venezuela has the world&#8217;s largest oil reserves as well as many other natural resources. \u00a0It was once seen as the \u201cthe promised land\u201d of Latin America, for its modernism, model democracy, economic growth, and technological advances. \u00a0Today, the country is suffering its worst crisis ever.<\/strong><\/span><\/p>\n<p>[\/et_pb_text][\/et_pb_column][et_pb_column type=&#8221;1_4&#8243;][\/et_pb_column][\/et_pb_row][et_pb_row admin_label=&#8221;Row&#8221;][et_pb_column type=&#8221;1_3&#8243;][et_pb_blurb admin_label=&#8221;Blurb&#8221; title=&#8221;Langue officielle&#8221; url_new_window=&#8221;off&#8221; use_icon=&#8221;on&#8221; icon_color=&#8221;#ffffff&#8221; use_circle=&#8221;off&#8221; circle_color=&#8221;#ffffff&#8221; use_circle_border=&#8221;off&#8221; circle_border_color=&#8221;#ffffff&#8221; icon_placement=&#8221;left&#8221; use_icon_font_size=&#8221;on&#8221; background_layout=&#8221;dark&#8221; text_orientation=&#8221;left&#8221; use_border_color=&#8221;off&#8221; border_color=&#8221;#ffffff&#8221; border_style=&#8221;solid&#8221; animation=&#8221;top&#8221; font_icon=&#8221;%%49%%&#8221;] Espagnol [\/et_pb_blurb][et_pb_blurb admin_label=&#8221;Blurb&#8221; title=&#8221;Population Totale&#8221; url_new_window=&#8221;off&#8221; use_icon=&#8221;on&#8221; icon_color=&#8221;#ffffff&#8221; use_circle=&#8221;off&#8221; circle_color=&#8221;#ffffff&#8221; use_circle_border=&#8221;off&#8221; circle_border_color=&#8221;#ffffff&#8221; icon_placement=&#8221;left&#8221; use_icon_font_size=&#8221;on&#8221; background_layout=&#8221;dark&#8221; text_orientation=&#8221;left&#8221; use_border_color=&#8221;off&#8221; border_color=&#8221;#ffffff&#8221; border_style=&#8221;solid&#8221; animation=&#8221;top&#8221; font_icon=&#8221;%%49%%&#8221;]<\/p>\n<p>30 620 404 Hab (2015)<\/p>\n<p>[\/et_pb_blurb][\/et_pb_column][et_pb_column type=&#8221;1_3&#8243;][et_pb_blurb admin_label=&#8221;Blurb&#8221; title=&#8221;Capitale&#8221; url_new_window=&#8221;off&#8221; use_icon=&#8221;on&#8221; icon_color=&#8221;#ffffff&#8221; use_circle=&#8221;off&#8221; circle_color=&#8221;#ffffff&#8221; use_circle_border=&#8221;off&#8221; circle_border_color=&#8221;#ffffff&#8221; icon_placement=&#8221;left&#8221; use_icon_font_size=&#8221;on&#8221; background_layout=&#8221;dark&#8221; text_orientation=&#8221;left&#8221; use_border_color=&#8221;off&#8221; border_color=&#8221;#ffffff&#8221; border_style=&#8221;solid&#8221; animation=&#8221;top&#8221; font_icon=&#8221;%%49%%&#8221;] Caracas, 10\u00b0 29\u2032 28\u2033 N, 66\u00b0 54\u2032 07\u2033 O [\/et_pb_blurb][et_pb_blurb admin_label=&#8221;Blurb&#8221; title=&#8221;Histoire&#8221; url_new_window=&#8221;off&#8221; use_icon=&#8221;on&#8221; icon_color=&#8221;#ffffff&#8221; use_circle=&#8221;off&#8221; circle_color=&#8221;#ffffff&#8221; use_circle_border=&#8221;off&#8221; circle_border_color=&#8221;#ffffff&#8221; icon_placement=&#8221;left&#8221; use_icon_font_size=&#8221;on&#8221; background_layout=&#8221;dark&#8221; text_orientation=&#8221;left&#8221; use_border_color=&#8221;off&#8221; border_color=&#8221;#ffffff&#8221; border_style=&#8221;solid&#8221; animation=&#8221;top&#8221; font_icon=&#8221;%%49%%&#8221;]<\/p>\n<p><span style=\"font-weight: 400;\">\u00a0Ind\u00e9pendance de l\u2019Espagne 5 juillet 1811<\/span><\/p>\n<p>[\/et_pb_blurb][\/et_pb_column][et_pb_column type=&#8221;1_3&#8243;][et_pb_blurb admin_label=&#8221;Blurb&#8221; title=&#8221;G\u00e9ographie&#8221; url_new_window=&#8221;off&#8221; use_icon=&#8221;on&#8221; icon_color=&#8221;#ffffff&#8221; use_circle=&#8221;off&#8221; circle_color=&#8221;#ffffff&#8221; use_circle_border=&#8221;off&#8221; circle_border_color=&#8221;#ffffff&#8221; icon_placement=&#8221;left&#8221; use_icon_font_size=&#8221;on&#8221; background_layout=&#8221;dark&#8221; text_orientation=&#8221;left&#8221; use_border_color=&#8221;off&#8221; border_color=&#8221;#ffffff&#8221; border_style=&#8221;solid&#8221; animation=&#8221;top&#8221; font_icon=&#8221;%%49%%&#8221;] Superficie totale: 916 445 km2 [\/et_pb_blurb][et_pb_blurb admin_label=&#8221;Blurb&#8221; title=&#8221;Langues officielles&#8221; url_new_window=&#8221;off&#8221; use_icon=&#8221;on&#8221; icon_color=&#8221;#ffffff&#8221; use_circle=&#8221;off&#8221; circle_color=&#8221;#ffffff&#8221; use_circle_border=&#8221;off&#8221; circle_border_color=&#8221;#ffffff&#8221; icon_placement=&#8221;left&#8221; use_icon_font_size=&#8221;on&#8221; background_layout=&#8221;dark&#8221; text_orientation=&#8221;left&#8221; use_border_color=&#8221;off&#8221; border_color=&#8221;#ffffff&#8221; border_style=&#8221;solid&#8221; animation=&#8221;top&#8221; font_icon=&#8221;%%49%%&#8221;]<\/p>\n<p>Espagnol<\/p>\n<p>[\/et_pb_blurb][\/et_pb_column][\/et_pb_row][\/et_pb_section][et_pb_section bb_built=&#8221;1&#8243; admin_label=&#8221;Section&#8221; fullwidth=&#8221;on&#8221; specialty=&#8221;off&#8221; transparent_background=&#8221;off&#8221; allow_player_pause=&#8221;off&#8221; inner_shadow=&#8221;on&#8221; parallax=&#8221;off&#8221; parallax_method=&#8221;on&#8221; make_fullwidth=&#8221;off&#8221; use_custom_width=&#8221;off&#8221; width_unit=&#8221;on&#8221; make_equal=&#8221;off&#8221; use_custom_gutter=&#8221;off&#8221;][et_pb_fullwidth_image admin_label=&#8221;Fullwidth Image&#8221; src=&#8221;https:\/\/mc2-productions.net\/site\/femmesduchaosvenezuelien\/wp-content\/uploads\/2017\/04\/venezuela-galery.png&#8221; show_in_lightbox=&#8221;off&#8221; url_new_window=&#8221;off&#8221; use_overlay=&#8221;off&#8221; use_border_color=&#8221;off&#8221; border_color=&#8221;#ffffff&#8221; border_style=&#8221;solid&#8221; animation=&#8221;fade_in&#8221; \/][\/et_pb_section][et_pb_section bb_built=&#8221;1&#8243; admin_label=&#8221;section&#8221; fullwidth=&#8221;on&#8221; specialty=&#8221;off&#8221;][et_pb_fullwidth_map admin_label=&#8221;Fullwidth Map&#8221; zoom_level=&#8221;3&#8243; address_lat=&#8221;32.578598613928285&#8243; address_lng=&#8221;-34.50965187500003&#8243; address=&#8221;Venezuela&#8221; mouse_wheel=&#8221;off&#8221; mobile_dragging=&#8221;on&#8221;] [et_pb_map_pin title=&#8221;Venezuela&#8221; pin_address=&#8221;Unnamed Road, Gu\u00e1rico, Venezuela&#8221; pin_address_lat=&#8221;9.903194235388009&#8243; pin_address_lng=&#8221;-66.23816750000003&#8243; \/] [\/et_pb_fullwidth_map][\/et_pb_section]<\/p>\n","protected":false},"excerpt":{"rendered":"<p>[et_pb_section bb_built=&#8221;1&#8243; admin_label=&#8221;Section&#8221; fullwidth=&#8221;off&#8221; specialty=&#8221;off&#8221; background_image=&#8221;https:\/\/mc2-productions.net\/site\/femmesduchaosvenezuelien\/wp-content\/uploads\/2017\/04\/playa.png&#8221; transparent_background=&#8221;off&#8221; allow_player_pause=&#8221;off&#8221; inner_shadow=&#8221;off&#8221; parallax=&#8221;off&#8221; parallax_method=&#8221;on&#8221; make_fullwidth=&#8221;off&#8221; use_custom_width=&#8221;off&#8221; width_unit=&#8221;on&#8221; make_equal=&#8221;off&#8221; use_custom_gutter=&#8221;off&#8221;][et_pb_row admin_label=&#8221;Row&#8221;][et_pb_column type=&#8221;3_4&#8243;][et_pb_text admin_label=&#8221;Text&#8221; background_layout=&#8221;dark&#8221; text_orientation=&#8221;left&#8221; use_border_color=&#8221;off&#8221; border_color=&#8221;#ffffff&#8221; border_style=&#8221;solid&#8221;] Venezuela Le Venezuela est le pays poss\u00e9dant les plus grandes r\u00e9serves de p\u00e9trole au monde et bien d\u2019autres ressources naturelles. Il \u00e9tait leader en Am\u00e9rique Latine par son modernisme, sa d\u00e9mocratie, [&hellip;]<\/p>\n","protected":false},"author":2,"featured_media":0,"parent":0,"menu_order":0,"comment_status":"closed","ping_status":"closed","template":"","meta":{"_et_pb_use_builder":"on","_et_pb_old_content":"","footnotes":""},"class_list":["post-59","page","type-page","status-publish","hentry"],"yoast_head":"<!-- This site is optimized with the Yoast SEO plugin v27.2 - https:\/\/yoast.com\/product\/yoast-seo-wordpress\/ -->\n<title>Femmes du Chaos V\u00e9n\u00e9zu\u00e9lien - Margarita Cadenas - Venezuela<\/title>\n<meta name=\"description\" content=\"Femmes du Chaos V\u00e9n\u00e9zu\u00e9lien - Margarita Cadenas - Venezuela - Documentaire sur la crise politique, \u00e9conomique et sociale au Venezuela\" \/>\n<meta name=\"robots\" content=\"index, follow, max-snippet:-1, max-image-preview:large, max-video-preview:-1\" \/>\n<link rel=\"canonical\" href=\"https:\/\/mc2-productions.net\/site\/femmesduchaosvenezuelien\/venezuela\/\" \/>\n<meta property=\"og:locale\" content=\"en_US\" \/>\n<meta property=\"og:type\" content=\"article\" \/>\n<meta property=\"og:title\" content=\"Femmes du Chaos V\u00e9n\u00e9zu\u00e9lien - Margarita Cadenas - Venezuela\" \/>\n<meta property=\"og:description\" content=\"Femmes du Chaos V\u00e9n\u00e9zu\u00e9lien - Margarita Cadenas - Venezuela - Documentaire sur la crise politique, \u00e9conomique et sociale au Venezuela\" \/>\n<meta property=\"og:url\" content=\"https:\/\/mc2-productions.net\/site\/femmesduchaosvenezuelien\/venezuela\/\" \/>\n<meta property=\"og:site_name\" content=\"Femmes du Chaos V\u00e9n\u00e9zu\u00e9lien \/ Women of the Venezuelan Chaos - Margarita Cadenas\" \/>\n<meta property=\"article:modified_time\" content=\"2017-10-22T23:07:08+00:00\" \/>\n<meta name=\"twitter:card\" content=\"summary_large_image\" \/>\n<meta name=\"twitter:label1\" content=\"Est. reading time\" \/>\n\t<meta name=\"twitter:data1\" content=\"4 minutes\" \/>\n<script type=\"application\/ld+json\" class=\"yoast-schema-graph\">{\"@context\":\"https:\/\/schema.org\",\"@graph\":[{\"@type\":\"WebPage\",\"@id\":\"https:\/\/mc2-productions.net\/site\/femmesduchaosvenezuelien\/venezuela\/\",\"url\":\"https:\/\/mc2-productions.net\/site\/femmesduchaosvenezuelien\/venezuela\/\",\"name\":\"Femmes du Chaos V\u00e9n\u00e9zu\u00e9lien - Margarita Cadenas - Venezuela\",\"isPartOf\":{\"@id\":\"https:\/\/mc2-productions.net\/site\/femmesduchaosvenezuelien\/#website\"},\"datePublished\":\"2017-04-21T13:03:24+00:00\",\"dateModified\":\"2017-10-22T23:07:08+00:00\",\"description\":\"Femmes du Chaos V\u00e9n\u00e9zu\u00e9lien - Margarita Cadenas - Venezuela - Documentaire sur la crise politique, \u00e9conomique et sociale au Venezuela\",\"breadcrumb\":{\"@id\":\"https:\/\/mc2-productions.net\/site\/femmesduchaosvenezuelien\/venezuela\/#breadcrumb\"},\"inLanguage\":\"en-US\",\"potentialAction\":[{\"@type\":\"ReadAction\",\"target\":[\"https:\/\/mc2-productions.net\/site\/femmesduchaosvenezuelien\/venezuela\/\"]}]},{\"@type\":\"BreadcrumbList\",\"@id\":\"https:\/\/mc2-productions.net\/site\/femmesduchaosvenezuelien\/venezuela\/#breadcrumb\",\"itemListElement\":[{\"@type\":\"ListItem\",\"position\":1,\"name\":\"Home\",\"item\":\"https:\/\/mc2-productions.net\/site\/femmesduchaosvenezuelien\/\"},{\"@type\":\"ListItem\",\"position\":2,\"name\":\"Venezuela\"}]},{\"@type\":\"WebSite\",\"@id\":\"https:\/\/mc2-productions.net\/site\/femmesduchaosvenezuelien\/#website\",\"url\":\"https:\/\/mc2-productions.net\/site\/femmesduchaosvenezuelien\/\",\"name\":\"Femmes du Chaos V\u00e9n\u00e9zu\u00e9lien \/ Women of the Venezuelan Chaos - Margarita Cadenas\",\"description\":\"un documentaire\",\"publisher\":{\"@id\":\"https:\/\/mc2-productions.net\/site\/femmesduchaosvenezuelien\/#organization\"},\"potentialAction\":[{\"@type\":\"SearchAction\",\"target\":{\"@type\":\"EntryPoint\",\"urlTemplate\":\"https:\/\/mc2-productions.net\/site\/femmesduchaosvenezuelien\/?s={search_term_string}\"},\"query-input\":{\"@type\":\"PropertyValueSpecification\",\"valueRequired\":true,\"valueName\":\"search_term_string\"}}],\"inLanguage\":\"en-US\"},{\"@type\":\"Organization\",\"@id\":\"https:\/\/mc2-productions.net\/site\/femmesduchaosvenezuelien\/#organization\",\"name\":\"Femmes du Chaos V\u00e9n\u00e9zu\u00e9lien \/ Women of the Venezuelan Chaos - Margarita Cadenas\",\"url\":\"https:\/\/mc2-productions.net\/site\/femmesduchaosvenezuelien\/\",\"logo\":{\"@type\":\"ImageObject\",\"inLanguage\":\"en-US\",\"@id\":\"https:\/\/mc2-productions.net\/site\/femmesduchaosvenezuelien\/#\/schema\/logo\/image\/\",\"url\":\"https:\/\/mc2-productions.net\/site\/femmesduchaosvenezuelien\/wp-content\/uploads\/2017\/10\/Logo-Femme-du-Chaos-Menu-web.png\",\"contentUrl\":\"https:\/\/mc2-productions.net\/site\/femmesduchaosvenezuelien\/wp-content\/uploads\/2017\/10\/Logo-Femme-du-Chaos-Menu-web.png\",\"width\":960,\"height\":489,\"caption\":\"Femmes du Chaos V\u00e9n\u00e9zu\u00e9lien \/ Women of the Venezuelan Chaos - Margarita Cadenas\"},\"image\":{\"@id\":\"https:\/\/mc2-productions.net\/site\/femmesduchaosvenezuelien\/#\/schema\/logo\/image\/\"}}]}<\/script>\n<!-- \/ Yoast SEO plugin. -->","yoast_head_json":{"title":"Femmes du Chaos V\u00e9n\u00e9zu\u00e9lien - Margarita Cadenas - Venezuela","description":"Femmes du Chaos V\u00e9n\u00e9zu\u00e9lien - Margarita Cadenas - Venezuela - Documentaire sur la crise politique, \u00e9conomique et sociale au Venezuela","robots":{"index":"index","follow":"follow","max-snippet":"max-snippet:-1","max-image-preview":"max-image-preview:large","max-video-preview":"max-video-preview:-1"},"canonical":"https:\/\/mc2-productions.net\/site\/femmesduchaosvenezuelien\/venezuela\/","og_locale":"en_US","og_type":"article","og_title":"Femmes du Chaos V\u00e9n\u00e9zu\u00e9lien - Margarita Cadenas - Venezuela","og_description":"Femmes du Chaos V\u00e9n\u00e9zu\u00e9lien - Margarita Cadenas - Venezuela - Documentaire sur la crise politique, \u00e9conomique et sociale au Venezuela","og_url":"https:\/\/mc2-productions.net\/site\/femmesduchaosvenezuelien\/venezuela\/","og_site_name":"Femmes du Chaos V\u00e9n\u00e9zu\u00e9lien \/ Women of the Venezuelan Chaos - Margarita Cadenas","article_modified_time":"2017-10-22T23:07:08+00:00","twitter_card":"summary_large_image","twitter_misc":{"Est. reading time":"4 minutes"},"schema":{"@context":"https:\/\/schema.org","@graph":[{"@type":"WebPage","@id":"https:\/\/mc2-productions.net\/site\/femmesduchaosvenezuelien\/venezuela\/","url":"https:\/\/mc2-productions.net\/site\/femmesduchaosvenezuelien\/venezuela\/","name":"Femmes du Chaos V\u00e9n\u00e9zu\u00e9lien - Margarita Cadenas - Venezuela","isPartOf":{"@id":"https:\/\/mc2-productions.net\/site\/femmesduchaosvenezuelien\/#website"},"datePublished":"2017-04-21T13:03:24+00:00","dateModified":"2017-10-22T23:07:08+00:00","description":"Femmes du Chaos V\u00e9n\u00e9zu\u00e9lien - Margarita Cadenas - Venezuela - Documentaire sur la crise politique, \u00e9conomique et sociale au Venezuela","breadcrumb":{"@id":"https:\/\/mc2-productions.net\/site\/femmesduchaosvenezuelien\/venezuela\/#breadcrumb"},"inLanguage":"en-US","potentialAction":[{"@type":"ReadAction","target":["https:\/\/mc2-productions.net\/site\/femmesduchaosvenezuelien\/venezuela\/"]}]},{"@type":"BreadcrumbList","@id":"https:\/\/mc2-productions.net\/site\/femmesduchaosvenezuelien\/venezuela\/#breadcrumb","itemListElement":[{"@type":"ListItem","position":1,"name":"Home","item":"https:\/\/mc2-productions.net\/site\/femmesduchaosvenezuelien\/"},{"@type":"ListItem","position":2,"name":"Venezuela"}]},{"@type":"WebSite","@id":"https:\/\/mc2-productions.net\/site\/femmesduchaosvenezuelien\/#website","url":"https:\/\/mc2-productions.net\/site\/femmesduchaosvenezuelien\/","name":"Femmes du Chaos V\u00e9n\u00e9zu\u00e9lien \/ Women of the Venezuelan Chaos - Margarita Cadenas","description":"un documentaire","publisher":{"@id":"https:\/\/mc2-productions.net\/site\/femmesduchaosvenezuelien\/#organization"},"potentialAction":[{"@type":"SearchAction","target":{"@type":"EntryPoint","urlTemplate":"https:\/\/mc2-productions.net\/site\/femmesduchaosvenezuelien\/?s={search_term_string}"},"query-input":{"@type":"PropertyValueSpecification","valueRequired":true,"valueName":"search_term_string"}}],"inLanguage":"en-US"},{"@type":"Organization","@id":"https:\/\/mc2-productions.net\/site\/femmesduchaosvenezuelien\/#organization","name":"Femmes du Chaos V\u00e9n\u00e9zu\u00e9lien \/ Women of the Venezuelan Chaos - Margarita Cadenas","url":"https:\/\/mc2-productions.net\/site\/femmesduchaosvenezuelien\/","logo":{"@type":"ImageObject","inLanguage":"en-US","@id":"https:\/\/mc2-productions.net\/site\/femmesduchaosvenezuelien\/#\/schema\/logo\/image\/","url":"https:\/\/mc2-productions.net\/site\/femmesduchaosvenezuelien\/wp-content\/uploads\/2017\/10\/Logo-Femme-du-Chaos-Menu-web.png","contentUrl":"https:\/\/mc2-productions.net\/site\/femmesduchaosvenezuelien\/wp-content\/uploads\/2017\/10\/Logo-Femme-du-Chaos-Menu-web.png","width":960,"height":489,"caption":"Femmes du Chaos V\u00e9n\u00e9zu\u00e9lien \/ Women of the Venezuelan Chaos - Margarita Cadenas"},"image":{"@id":"https:\/\/mc2-productions.net\/site\/femmesduchaosvenezuelien\/#\/schema\/logo\/image\/"}}]}},"_links":{"self":[{"href":"https:\/\/mc2-productions.net\/site\/femmesduchaosvenezuelien\/wp-json\/wp\/v2\/pages\/59","targetHints":{"allow":["GET"]}}],"collection":[{"href":"https:\/\/mc2-productions.net\/site\/femmesduchaosvenezuelien\/wp-json\/wp\/v2\/pages"}],"about":[{"href":"https:\/\/mc2-productions.net\/site\/femmesduchaosvenezuelien\/wp-json\/wp\/v2\/types\/page"}],"author":[{"embeddable":true,"href":"https:\/\/mc2-productions.net\/site\/femmesduchaosvenezuelien\/wp-json\/wp\/v2\/users\/2"}],"replies":[{"embeddable":true,"href":"https:\/\/mc2-productions.net\/site\/femmesduchaosvenezuelien\/wp-json\/wp\/v2\/comments?post=59"}],"version-history":[{"count":0,"href":"https:\/\/mc2-productions.net\/site\/femmesduchaosvenezuelien\/wp-json\/wp\/v2\/pages\/59\/revisions"}],"wp:attachment":[{"href":"https:\/\/mc2-productions.net\/site\/femmesduchaosvenezuelien\/wp-json\/wp\/v2\/media?parent=59"}],"curies":[{"name":"wp","href":"https:\/\/api.w.org\/{rel}","templated":true}]}}