{"id":2398,"date":"2019-11-20T01:08:02","date_gmt":"2019-11-20T01:08:02","guid":{"rendered":"https:\/\/mc2-productions.net\/site\/femmesduchaosvenezuelien\/?page_id=2398"},"modified":"2019-11-20T15:51:03","modified_gmt":"2019-11-20T15:51:03","slug":"xiii-edition-du-festival-documental-lamerique-latine-par-limage","status":"publish","type":"page","link":"https:\/\/mc2-productions.net\/site\/femmesduchaosvenezuelien\/xiii-edition-du-festival-documental-lamerique-latine-par-limage\/","title":{"rendered":"XIII EDITION DU FESTIVAL DOCUMENTAL, L\u2019Am\u00e9rique latine par l\u2019image"},"content":{"rendered":"<p><strong>XIII EDITION DU FESTIVAL DOCUMENTAL, L\u2019Am\u00e9rique latine par l\u2019image<br \/>\n<\/strong>14 \u2013 23 novembre 2019, Lyon, France<strong><\/p>\n<p><\/strong><\/p>\n<div id=\"grid-gallery-39-61595\" data-gg-id=\"39\" data-title=\"Lyon\" data-grid-type=\"0\" data-offset=\"5.3\" data-area-position=\"center\" data-icons=\"false\" data-preloader=\"true\" data-width=\"215\" data-height=\"215\" data-padding=\"0\" data-quicksand=\"disabled\" data-quicksand-duration=\"none\" data-popup-theme=\"theme_6\" data-popup-type=\"pretty-photo\" data-popup-image-text=\"data-description\" data-popup-widthsize=\"auto\" data-popup-heightsize=\"auto\" data-popup-i18n-words=\"{&quot;close&quot;:&quot;close&quot;,&quot;next&quot;:&quot;next&quot;,&quot;previous&quot;:&quot;previous&quot;,&quot;start_slideshow&quot;:&quot;start slideshow&quot;,&quot;stop_slideshow&quot;:&quot;stop slideshow&quot;,&quot;image&quot;:&quot;image&quot;,&quot;of&quot;:&quot;of&quot;,&quot;prev&quot;:&quot;prev&quot;,&quot;cExpand&quot;:&quot;Expand&quot;,&quot;cPrevious&quot;:&quot;Previous&quot;,&quot;cNext&quot;:&quot;Next&quot;,&quot;cExpandStr&quot;:&quot;Expand the image&quot;,&quot;cRotate&quot;:&quot;Rotate&quot;,&quot;cDetails&quot;:&quot;Details&quot;}\" data-popup-slideshow=\"false\" data-popup-slideshow-speed=\"2500\" data-popup-hoverstop=\"true\" data-popup-slideshow-auto=\"false\" data-popup-background=\"\" data-popup-transparency=\"30\" data-popup-disable-history=\"\" data-popup-disable-changed-url=\"\" data-popup-border-type=\"solid\" data-popup-border-color=\"\" data-popup-border-width=\"\" data-popup-border-enable=\"\" data-fullscreen=\"false\" data-hide-tooltip=\"false\" data-caption-font-family=\"Default\" data-caption-text-size=\"140\" data-is-mobile=\"0\" data-caption-mobile=\"false\" data-hide-long-tltp-title=\"0\" data-caption-disabled-on-mobile=\"false\" data-lazyload-enable='1' data-lazyload-effect=\"show\" data-lazyload-effect-duration=\"400\" data-popup-placement-type=\"0\" data-social-sharing=\"{&quot;enabled&quot;:&quot;&quot;,&quot;gallerySharing&quot;:{&quot;enabled&quot;:null,&quot;position&quot;:null},&quot;imageSharing&quot;:{&quot;enabled&quot;:null,&quot;wrapperClass&quot;:&quot; vertical &quot;},&quot;popupSharing&quot;:{&quot;enabled&quot;:null,&quot;wrapperClass&quot;:&quot; vertical &quot;}}\" class=\"grid-gallery grid-gallery-fixed \" style=\" width:100%; height:auto; margin-left:auto; margin-right:auto;position:relative;\"> <div class=\"gallery-loading\"> <div class=\"blocks\"> <div class=\"block\"><\/div> <div class=\"block\"><\/div> <div class=\"block\"><\/div> <div class=\"block\"><\/div> <\/div> <\/div> <div class=\"gallery-sharing-top\"><\/div> <div id=\"photos-39\" class=\"grid-gallery-photos\"><a id=\"gg-39-435\" class=\"gg-link \" data-attachment-id=\"2395\" href=\"https:\/\/mc2-productions.net\/site\/femmesduchaosvenezuelien\/wp-content\/uploads\/2019\/11\/lyon3.jpg?gid=39\" target=\"_self\" title=\"lyon3\" data-rel=\"prettyPhoto[pp_gal]\" style=\"border-radius:00;\" ><FIGURE class=\"grid-gallery-caption\" data-grid-gallery-type=\"quarter-slide-up\" data-index=\"0\" style=\"display:none;border-radius:00;; margin:5.3px; width:2150;\" ><div class=\"crop\" style=\" width:2150; height:2150; overflow:hidden;\"><img decoding=\"async\" data-gg-real-image-href=\"https:\/\/mc2-productions.net\/site\/femmesduchaosvenezuelien\/wp-content\/uploads\/2019\/11\/lyon3-215x215.jpg\" src=\"https:\/\/mc2-productions.net\/site\/femmesduchaosvenezuelien\/wp-content\/plugins\/gallery-by-supsystic\/src\/GridGallery\/Galleries\/assets\/img\/loading.gif\" class=\"ggImg ggLazyImg\" alt=\"lyon3\" title=\"lyon3\" data-description=\"lyon3\" data-caption=\"lyon3\" data-title=\"lyon3\" style=\" width:215px; height:215px;\" \/><\/div><FIGCAPTION class=\"\" data-alpha=\"5\" style=\"color:#ffffff; background-color:#6f0000; font-size:140; text-align:left; font-family:Default;\" ><div class=\"grid-gallery-figcaption-wrap\" style=\" vertical-align:top;\"><\/div><\/FIGCAPTION><\/FIGURE><\/a><a id=\"gg-39-436\" class=\"gg-link \" data-attachment-id=\"2396\" href=\"https:\/\/mc2-productions.net\/site\/femmesduchaosvenezuelien\/wp-content\/uploads\/2019\/11\/lyon2.jpg?gid=39\" target=\"_self\" title=\"lyon2\" data-rel=\"prettyPhoto[pp_gal]\" style=\"border-radius:00;\" ><FIGURE class=\"grid-gallery-caption\" data-grid-gallery-type=\"quarter-slide-up\" data-index=\"1\" style=\"display:none;border-radius:00;; margin:5.3px; width:2150;\" ><div class=\"crop\" style=\" width:2150; height:2150; overflow:hidden;\"><img decoding=\"async\" data-gg-real-image-href=\"https:\/\/mc2-productions.net\/site\/femmesduchaosvenezuelien\/wp-content\/uploads\/2019\/11\/lyon2-215x215.jpg\" src=\"https:\/\/mc2-productions.net\/site\/femmesduchaosvenezuelien\/wp-content\/plugins\/gallery-by-supsystic\/src\/GridGallery\/Galleries\/assets\/img\/loading.gif\" class=\"ggImg ggLazyImg\" alt=\"lyon2\" title=\"lyon2\" data-description=\"lyon2\" data-caption=\"lyon2\" data-title=\"lyon2\" style=\" width:215px; height:215px;\" \/><\/div><FIGCAPTION class=\"\" data-alpha=\"5\" style=\"color:#ffffff; background-color:#6f0000; font-size:140; text-align:left; font-family:Default;\" ><div class=\"grid-gallery-figcaption-wrap\" style=\" vertical-align:top;\"><\/div><\/FIGCAPTION><\/FIGURE><\/a><a id=\"gg-39-437\" class=\"gg-link \" data-attachment-id=\"2397\" href=\"https:\/\/mc2-productions.net\/site\/femmesduchaosvenezuelien\/wp-content\/uploads\/2019\/11\/lyon1.jpg?gid=39\" target=\"_self\" title=\"lyon1\" data-rel=\"prettyPhoto[pp_gal]\" style=\"border-radius:00;\" ><FIGURE class=\"grid-gallery-caption\" data-grid-gallery-type=\"quarter-slide-up\" data-index=\"2\" style=\"display:none;border-radius:00;; margin:5.3px; width:2150;\" ><div class=\"crop\" style=\" width:2150; height:2150; overflow:hidden;\"><img decoding=\"async\" data-gg-real-image-href=\"https:\/\/mc2-productions.net\/site\/femmesduchaosvenezuelien\/wp-content\/uploads\/2019\/11\/lyon1-215x215.jpg\" src=\"https:\/\/mc2-productions.net\/site\/femmesduchaosvenezuelien\/wp-content\/plugins\/gallery-by-supsystic\/src\/GridGallery\/Galleries\/assets\/img\/loading.gif\" class=\"ggImg ggLazyImg\" alt=\"lyon1\" title=\"lyon1\" data-description=\"lyon1\" data-caption=\"lyon1\" data-title=\"lyon1\" style=\" width:215px; height:215px;\" \/><\/div><FIGCAPTION class=\"\" data-alpha=\"5\" style=\"color:#ffffff; background-color:#6f0000; font-size:140; text-align:left; font-family:Default;\" ><div class=\"grid-gallery-figcaption-wrap\" style=\" vertical-align:top;\"><\/div><\/FIGCAPTION><\/FIGURE><\/a><a id=\"gg-39-445\" class=\"gg-link \" data-attachment-id=\"2414\" href=\"https:\/\/mc2-productions.net\/site\/femmesduchaosvenezuelien\/wp-content\/uploads\/2019\/11\/lyon6.jpg?gid=39\" target=\"_self\" title=\"lyon6\" data-rel=\"prettyPhoto[pp_gal]\" style=\"border-radius:00;\" ><FIGURE class=\"grid-gallery-caption\" data-grid-gallery-type=\"quarter-slide-up\" data-index=\"3\" style=\"display:none;border-radius:00;; margin:5.3px; width:2150;\" ><div class=\"crop\" style=\" width:2150; height:2150; overflow:hidden;\"><img decoding=\"async\" data-gg-real-image-href=\"https:\/\/mc2-productions.net\/site\/femmesduchaosvenezuelien\/wp-content\/uploads\/2019\/11\/lyon6-215x215.jpg\" src=\"https:\/\/mc2-productions.net\/site\/femmesduchaosvenezuelien\/wp-content\/plugins\/gallery-by-supsystic\/src\/GridGallery\/Galleries\/assets\/img\/loading.gif\" class=\"ggImg ggLazyImg\" alt=\"lyon6\" title=\"lyon6\" data-description=\"lyon6\" data-caption=\"lyon6\" data-title=\"lyon6\" style=\" width:215px; height:215px;\" \/><\/div><FIGCAPTION class=\"\" data-alpha=\"5\" style=\"color:#ffffff; background-color:#6f0000; font-size:140; text-align:left; font-family:Default;\" ><div class=\"grid-gallery-figcaption-wrap\" style=\" vertical-align:top;\"><\/div><\/FIGCAPTION><\/FIGURE><\/a> <div class=\"grid-gallery-clearfix\"><\/div> <\/div> <div class=\"gallery-sharing-bottom\"><\/div> <div class=\"grid-gallery-clearfix\"><\/div> <\/div> <!-- Gallery by Supsystic plugin1.15.17 --><a title=\"WordPress Image Gallery Plugin\" style=\"display:none;\" href=\"https:\/\/supsystic.com\/plugins\/photo-gallery\/?utm_medium=love_link\" target=\"_blank\">WordPress Image Gallery Plugin<\/a>\n","protected":false},"excerpt":{"rendered":"<p>XIII EDITION DU FESTIVAL DOCUMENTAL, L\u2019Am\u00e9rique latine par l\u2019image 14 \u2013 23 novembre 2019, Lyon, France<\/p>\n","protected":false},"author":1,"featured_media":0,"parent":0,"menu_order":0,"comment_status":"closed","ping_status":"closed","template":"","meta":{"_et_pb_use_builder":"","_et_pb_old_content":"","footnotes":""},"class_list":["post-2398","page","type-page","status-publish","hentry"],"yoast_head":"<!-- This site is optimized with the Yoast SEO plugin v27.2 - https:\/\/yoast.com\/product\/yoast-seo-wordpress\/ -->\n<title>XIII EDITION DU FESTIVAL DOCUMENTAL, L\u2019Am\u00e9rique latine par l\u2019image - Femmes du Chaos V\u00e9n\u00e9zu\u00e9lien \/ Women of the Venezuelan Chaos - Margarita Cadenas<\/title>\n<meta name=\"robots\" content=\"index, follow, max-snippet:-1, max-image-preview:large, max-video-preview:-1\" \/>\n<link rel=\"canonical\" href=\"https:\/\/mc2-productions.net\/site\/femmesduchaosvenezuelien\/xiii-edition-du-festival-documental-lamerique-latine-par-limage\/\" \/>\n<meta property=\"og:locale\" content=\"en_US\" \/>\n<meta property=\"og:type\" content=\"article\" \/>\n<meta property=\"og:title\" content=\"XIII EDITION DU FESTIVAL DOCUMENTAL, L\u2019Am\u00e9rique latine par l\u2019image - Femmes du Chaos V\u00e9n\u00e9zu\u00e9lien \/ Women of the Venezuelan Chaos - Margarita Cadenas\" \/>\n<meta property=\"og:description\" content=\"XIII EDITION DU FESTIVAL DOCUMENTAL, L\u2019Am\u00e9rique latine par l\u2019image 14 \u2013 23 novembre 2019, Lyon, France\" \/>\n<meta property=\"og:url\" content=\"https:\/\/mc2-productions.net\/site\/femmesduchaosvenezuelien\/xiii-edition-du-festival-documental-lamerique-latine-par-limage\/\" \/>\n<meta property=\"og:site_name\" content=\"Femmes du Chaos V\u00e9n\u00e9zu\u00e9lien \/ Women of the Venezuelan Chaos - Margarita Cadenas\" \/>\n<meta property=\"article:modified_time\" content=\"2019-11-20T15:51:03+00:00\" \/>\n<meta name=\"twitter:card\" content=\"summary_large_image\" \/>\n<script type=\"application\/ld+json\" class=\"yoast-schema-graph\">{\"@context\":\"https:\/\/schema.org\",\"@graph\":[{\"@type\":\"WebPage\",\"@id\":\"https:\/\/mc2-productions.net\/site\/femmesduchaosvenezuelien\/xiii-edition-du-festival-documental-lamerique-latine-par-limage\/\",\"url\":\"https:\/\/mc2-productions.net\/site\/femmesduchaosvenezuelien\/xiii-edition-du-festival-documental-lamerique-latine-par-limage\/\",\"name\":\"XIII EDITION DU FESTIVAL DOCUMENTAL, L\u2019Am\u00e9rique latine par l\u2019image - Femmes du Chaos V\u00e9n\u00e9zu\u00e9lien \/ Women of the Venezuelan Chaos - Margarita Cadenas\",\"isPartOf\":{\"@id\":\"https:\/\/mc2-productions.net\/site\/femmesduchaosvenezuelien\/#website\"},\"datePublished\":\"2019-11-20T01:08:02+00:00\",\"dateModified\":\"2019-11-20T15:51:03+00:00\",\"breadcrumb\":{\"@id\":\"https:\/\/mc2-productions.net\/site\/femmesduchaosvenezuelien\/xiii-edition-du-festival-documental-lamerique-latine-par-limage\/#breadcrumb\"},\"inLanguage\":\"en-US\",\"potentialAction\":[{\"@type\":\"ReadAction\",\"target\":[\"https:\/\/mc2-productions.net\/site\/femmesduchaosvenezuelien\/xiii-edition-du-festival-documental-lamerique-latine-par-limage\/\"]}]},{\"@type\":\"BreadcrumbList\",\"@id\":\"https:\/\/mc2-productions.net\/site\/femmesduchaosvenezuelien\/xiii-edition-du-festival-documental-lamerique-latine-par-limage\/#breadcrumb\",\"itemListElement\":[{\"@type\":\"ListItem\",\"position\":1,\"name\":\"Home\",\"item\":\"https:\/\/mc2-productions.net\/site\/femmesduchaosvenezuelien\/\"},{\"@type\":\"ListItem\",\"position\":2,\"name\":\"XIII EDITION DU FESTIVAL DOCUMENTAL, L\u2019Am\u00e9rique latine par l\u2019image\"}]},{\"@type\":\"WebSite\",\"@id\":\"https:\/\/mc2-productions.net\/site\/femmesduchaosvenezuelien\/#website\",\"url\":\"https:\/\/mc2-productions.net\/site\/femmesduchaosvenezuelien\/\",\"name\":\"Femmes du Chaos V\u00e9n\u00e9zu\u00e9lien \/ Women of the Venezuelan Chaos - Margarita Cadenas\",\"description\":\"un documentaire\",\"publisher\":{\"@id\":\"https:\/\/mc2-productions.net\/site\/femmesduchaosvenezuelien\/#organization\"},\"potentialAction\":[{\"@type\":\"SearchAction\",\"target\":{\"@type\":\"EntryPoint\",\"urlTemplate\":\"https:\/\/mc2-productions.net\/site\/femmesduchaosvenezuelien\/?s={search_term_string}\"},\"query-input\":{\"@type\":\"PropertyValueSpecification\",\"valueRequired\":true,\"valueName\":\"search_term_string\"}}],\"inLanguage\":\"en-US\"},{\"@type\":\"Organization\",\"@id\":\"https:\/\/mc2-productions.net\/site\/femmesduchaosvenezuelien\/#organization\",\"name\":\"Femmes du Chaos V\u00e9n\u00e9zu\u00e9lien \/ Women of the Venezuelan Chaos - Margarita Cadenas\",\"url\":\"https:\/\/mc2-productions.net\/site\/femmesduchaosvenezuelien\/\",\"logo\":{\"@type\":\"ImageObject\",\"inLanguage\":\"en-US\",\"@id\":\"https:\/\/mc2-productions.net\/site\/femmesduchaosvenezuelien\/#\/schema\/logo\/image\/\",\"url\":\"https:\/\/mc2-productions.net\/site\/femmesduchaosvenezuelien\/wp-content\/uploads\/2017\/10\/Logo-Femme-du-Chaos-Menu-web.png\",\"contentUrl\":\"https:\/\/mc2-productions.net\/site\/femmesduchaosvenezuelien\/wp-content\/uploads\/2017\/10\/Logo-Femme-du-Chaos-Menu-web.png\",\"width\":960,\"height\":489,\"caption\":\"Femmes du Chaos V\u00e9n\u00e9zu\u00e9lien \/ Women of the Venezuelan Chaos - Margarita Cadenas\"},\"image\":{\"@id\":\"https:\/\/mc2-productions.net\/site\/femmesduchaosvenezuelien\/#\/schema\/logo\/image\/\"}}]}<\/script>\n<!-- \/ Yoast SEO plugin. -->","yoast_head_json":{"title":"XIII EDITION DU FESTIVAL DOCUMENTAL, L\u2019Am\u00e9rique latine par l\u2019image - Femmes du Chaos V\u00e9n\u00e9zu\u00e9lien \/ Women of the Venezuelan Chaos - Margarita Cadenas","robots":{"index":"index","follow":"follow","max-snippet":"max-snippet:-1","max-image-preview":"max-image-preview:large","max-video-preview":"max-video-preview:-1"},"canonical":"https:\/\/mc2-productions.net\/site\/femmesduchaosvenezuelien\/xiii-edition-du-festival-documental-lamerique-latine-par-limage\/","og_locale":"en_US","og_type":"article","og_title":"XIII EDITION DU FESTIVAL DOCUMENTAL, L\u2019Am\u00e9rique latine par l\u2019image - Femmes du Chaos V\u00e9n\u00e9zu\u00e9lien \/ Women of the Venezuelan Chaos - Margarita Cadenas","og_description":"XIII EDITION DU FESTIVAL DOCUMENTAL, L\u2019Am\u00e9rique latine par l\u2019image 14 \u2013 23 novembre 2019, Lyon, France","og_url":"https:\/\/mc2-productions.net\/site\/femmesduchaosvenezuelien\/xiii-edition-du-festival-documental-lamerique-latine-par-limage\/","og_site_name":"Femmes du Chaos V\u00e9n\u00e9zu\u00e9lien \/ Women of the Venezuelan Chaos - Margarita Cadenas","article_modified_time":"2019-11-20T15:51:03+00:00","twitter_card":"summary_large_image","schema":{"@context":"https:\/\/schema.org","@graph":[{"@type":"WebPage","@id":"https:\/\/mc2-productions.net\/site\/femmesduchaosvenezuelien\/xiii-edition-du-festival-documental-lamerique-latine-par-limage\/","url":"https:\/\/mc2-productions.net\/site\/femmesduchaosvenezuelien\/xiii-edition-du-festival-documental-lamerique-latine-par-limage\/","name":"XIII EDITION DU FESTIVAL DOCUMENTAL, L\u2019Am\u00e9rique latine par l\u2019image - Femmes du Chaos V\u00e9n\u00e9zu\u00e9lien \/ Women of the Venezuelan Chaos - Margarita Cadenas","isPartOf":{"@id":"https:\/\/mc2-productions.net\/site\/femmesduchaosvenezuelien\/#website"},"datePublished":"2019-11-20T01:08:02+00:00","dateModified":"2019-11-20T15:51:03+00:00","breadcrumb":{"@id":"https:\/\/mc2-productions.net\/site\/femmesduchaosvenezuelien\/xiii-edition-du-festival-documental-lamerique-latine-par-limage\/#breadcrumb"},"inLanguage":"en-US","potentialAction":[{"@type":"ReadAction","target":["https:\/\/mc2-productions.net\/site\/femmesduchaosvenezuelien\/xiii-edition-du-festival-documental-lamerique-latine-par-limage\/"]}]},{"@type":"BreadcrumbList","@id":"https:\/\/mc2-productions.net\/site\/femmesduchaosvenezuelien\/xiii-edition-du-festival-documental-lamerique-latine-par-limage\/#breadcrumb","itemListElement":[{"@type":"ListItem","position":1,"name":"Home","item":"https:\/\/mc2-productions.net\/site\/femmesduchaosvenezuelien\/"},{"@type":"ListItem","position":2,"name":"XIII EDITION DU FESTIVAL DOCUMENTAL, L\u2019Am\u00e9rique latine par l\u2019image"}]},{"@type":"WebSite","@id":"https:\/\/mc2-productions.net\/site\/femmesduchaosvenezuelien\/#website","url":"https:\/\/mc2-productions.net\/site\/femmesduchaosvenezuelien\/","name":"Femmes du Chaos V\u00e9n\u00e9zu\u00e9lien \/ Women of the Venezuelan Chaos - Margarita Cadenas","description":"un documentaire","publisher":{"@id":"https:\/\/mc2-productions.net\/site\/femmesduchaosvenezuelien\/#organization"},"potentialAction":[{"@type":"SearchAction","target":{"@type":"EntryPoint","urlTemplate":"https:\/\/mc2-productions.net\/site\/femmesduchaosvenezuelien\/?s={search_term_string}"},"query-input":{"@type":"PropertyValueSpecification","valueRequired":true,"valueName":"search_term_string"}}],"inLanguage":"en-US"},{"@type":"Organization","@id":"https:\/\/mc2-productions.net\/site\/femmesduchaosvenezuelien\/#organization","name":"Femmes du Chaos V\u00e9n\u00e9zu\u00e9lien \/ Women of the Venezuelan Chaos - Margarita Cadenas","url":"https:\/\/mc2-productions.net\/site\/femmesduchaosvenezuelien\/","logo":{"@type":"ImageObject","inLanguage":"en-US","@id":"https:\/\/mc2-productions.net\/site\/femmesduchaosvenezuelien\/#\/schema\/logo\/image\/","url":"https:\/\/mc2-productions.net\/site\/femmesduchaosvenezuelien\/wp-content\/uploads\/2017\/10\/Logo-Femme-du-Chaos-Menu-web.png","contentUrl":"https:\/\/mc2-productions.net\/site\/femmesduchaosvenezuelien\/wp-content\/uploads\/2017\/10\/Logo-Femme-du-Chaos-Menu-web.png","width":960,"height":489,"caption":"Femmes du Chaos V\u00e9n\u00e9zu\u00e9lien \/ Women of the Venezuelan Chaos - Margarita Cadenas"},"image":{"@id":"https:\/\/mc2-productions.net\/site\/femmesduchaosvenezuelien\/#\/schema\/logo\/image\/"}}]}},"_links":{"self":[{"href":"https:\/\/mc2-productions.net\/site\/femmesduchaosvenezuelien\/wp-json\/wp\/v2\/pages\/2398","targetHints":{"allow":["GET"]}}],"collection":[{"href":"https:\/\/mc2-productions.net\/site\/femmesduchaosvenezuelien\/wp-json\/wp\/v2\/pages"}],"about":[{"href":"https:\/\/mc2-productions.net\/site\/femmesduchaosvenezuelien\/wp-json\/wp\/v2\/types\/page"}],"author":[{"embeddable":true,"href":"https:\/\/mc2-productions.net\/site\/femmesduchaosvenezuelien\/wp-json\/wp\/v2\/users\/1"}],"replies":[{"embeddable":true,"href":"https:\/\/mc2-productions.net\/site\/femmesduchaosvenezuelien\/wp-json\/wp\/v2\/comments?post=2398"}],"version-history":[{"count":0,"href":"https:\/\/mc2-productions.net\/site\/femmesduchaosvenezuelien\/wp-json\/wp\/v2\/pages\/2398\/revisions"}],"wp:attachment":[{"href":"https:\/\/mc2-productions.net\/site\/femmesduchaosvenezuelien\/wp-json\/wp\/v2\/media?parent=2398"}],"curies":[{"name":"wp","href":"https:\/\/api.w.org\/{rel}","templated":true}]}}