{"id":2031,"date":"2018-10-30T04:13:06","date_gmt":"2018-10-30T04:13:06","guid":{"rendered":"https:\/\/mc2-productions.net\/site\/femmesduchaosvenezuelien\/?page_id=2031"},"modified":"2018-10-30T04:15:19","modified_gmt":"2018-10-30T04:15:19","slug":"festival-des-libertes-bruxelles","status":"publish","type":"page","link":"https:\/\/mc2-productions.net\/site\/femmesduchaosvenezuelien\/festival-des-libertes-bruxelles\/","title":{"rendered":"FESTIVAL DES LIBERT\u00c9S Bruxelles"},"content":{"rendered":"<p>FESTIVAL DES LIBERT\u00c9S Bruxelles, Belgique<br \/>\n18- 27 octobre 2018<\/p>\n<div id=\"grid-gallery-24-73555\" data-gg-id=\"24\" data-title=\"Libertes\" data-grid-type=\"0\" data-offset=\"5.3\" data-area-position=\"center\" data-icons=\"false\" data-preloader=\"true\" data-width=\"215\" data-height=\"215\" data-padding=\"0\" data-quicksand=\"disabled\" data-quicksand-duration=\"none\" data-popup-theme=\"theme_6\" data-popup-type=\"pretty-photo\" data-popup-image-text=\"data-description\" data-popup-widthsize=\"auto\" data-popup-heightsize=\"auto\" data-popup-i18n-words=\"{&quot;close&quot;:&quot;close&quot;,&quot;next&quot;:&quot;next&quot;,&quot;previous&quot;:&quot;previous&quot;,&quot;start_slideshow&quot;:&quot;start slideshow&quot;,&quot;stop_slideshow&quot;:&quot;stop slideshow&quot;,&quot;image&quot;:&quot;image&quot;,&quot;of&quot;:&quot;of&quot;,&quot;prev&quot;:&quot;prev&quot;,&quot;cExpand&quot;:&quot;Expand&quot;,&quot;cPrevious&quot;:&quot;Previous&quot;,&quot;cNext&quot;:&quot;Next&quot;,&quot;cExpandStr&quot;:&quot;Expand the image&quot;,&quot;cRotate&quot;:&quot;Rotate&quot;,&quot;cDetails&quot;:&quot;Details&quot;}\" data-popup-slideshow=\"false\" data-popup-slideshow-speed=\"2500\" data-popup-hoverstop=\"true\" data-popup-slideshow-auto=\"false\" data-popup-background=\"\" data-popup-transparency=\"30\" data-popup-disable-history=\"\" data-popup-disable-changed-url=\"\" data-popup-border-type=\"solid\" data-popup-border-color=\"\" data-popup-border-width=\"\" data-popup-border-enable=\"\" data-fullscreen=\"false\" data-hide-tooltip=\"false\" data-caption-font-family=\"Default\" data-caption-text-size=\"140\" data-is-mobile=\"0\" data-caption-mobile=\"false\" data-hide-long-tltp-title=\"0\" data-caption-disabled-on-mobile=\"false\" data-lazyload-enable='1' data-lazyload-effect=\"show\" data-lazyload-effect-duration=\"400\" data-popup-placement-type=\"0\" data-social-sharing=\"{&quot;enabled&quot;:&quot;&quot;,&quot;gallerySharing&quot;:{&quot;enabled&quot;:null,&quot;position&quot;:null},&quot;imageSharing&quot;:{&quot;enabled&quot;:null,&quot;wrapperClass&quot;:&quot; vertical &quot;},&quot;popupSharing&quot;:{&quot;enabled&quot;:null,&quot;wrapperClass&quot;:&quot; vertical &quot;}}\" class=\"grid-gallery grid-gallery-fixed \" style=\" width:100%; height:auto; margin-left:auto; margin-right:auto;position:relative;\"> <div class=\"gallery-loading\"> <div class=\"blocks\"> <div class=\"block\"><\/div> <div class=\"block\"><\/div> <div class=\"block\"><\/div> <div class=\"block\"><\/div> <\/div> <\/div> <div class=\"gallery-sharing-top\"><\/div> <div id=\"photos-24\" class=\"grid-gallery-photos\"><a id=\"gg-24-297\" class=\"gg-link \" data-attachment-id=\"2032\" href=\"https:\/\/mc2-productions.net\/site\/femmesduchaosvenezuelien\/wp-content\/uploads\/2018\/10\/libertes1.jpg?gid=24\" target=\"_self\" title=\"libertes1\" data-rel=\"prettyPhoto[pp_gal]\" style=\"border-radius:00;\" ><FIGURE class=\"grid-gallery-caption\" data-grid-gallery-type=\"quarter-slide-up\" data-index=\"0\" style=\"display:none;border-radius:00;; margin:5.3px; width:2150;\" ><div class=\"crop\" style=\" width:2150; height:2150; overflow:hidden;\"><img decoding=\"async\" data-gg-real-image-href=\"https:\/\/mc2-productions.net\/site\/femmesduchaosvenezuelien\/wp-content\/uploads\/2018\/10\/libertes1-215x215.jpg\" src=\"https:\/\/mc2-productions.net\/site\/femmesduchaosvenezuelien\/wp-content\/plugins\/gallery-by-supsystic\/src\/GridGallery\/Galleries\/assets\/img\/loading.gif\" class=\"ggImg ggLazyImg\" alt=\"libertes1\" title=\"libertes1\" data-description=\"libertes1\" data-caption=\"libertes1\" data-title=\"libertes1\" style=\" width:215px; height:215px;\" \/><\/div><FIGCAPTION class=\"\" data-alpha=\"5\" style=\"color:#ffffff; background-color:#6f0000; font-size:140; text-align:left; font-family:Default;\" ><div class=\"grid-gallery-figcaption-wrap\" style=\" vertical-align:top;\"><\/div><\/FIGCAPTION><\/FIGURE><\/a><a id=\"gg-24-298\" class=\"gg-link \" data-attachment-id=\"2033\" href=\"https:\/\/mc2-productions.net\/site\/femmesduchaosvenezuelien\/wp-content\/uploads\/2018\/10\/libertes2.jpg?gid=24\" target=\"_self\" title=\"libertes2\" data-rel=\"prettyPhoto[pp_gal]\" style=\"border-radius:00;\" ><FIGURE class=\"grid-gallery-caption\" data-grid-gallery-type=\"quarter-slide-up\" data-index=\"1\" style=\"display:none;border-radius:00;; margin:5.3px; width:2150;\" ><div class=\"crop\" style=\" width:2150; height:2150; overflow:hidden;\"><img decoding=\"async\" data-gg-real-image-href=\"https:\/\/mc2-productions.net\/site\/femmesduchaosvenezuelien\/wp-content\/uploads\/2018\/10\/libertes2-215x215.jpg\" src=\"https:\/\/mc2-productions.net\/site\/femmesduchaosvenezuelien\/wp-content\/plugins\/gallery-by-supsystic\/src\/GridGallery\/Galleries\/assets\/img\/loading.gif\" class=\"ggImg ggLazyImg\" alt=\"libertes2\" title=\"libertes2\" data-description=\"libertes2\" data-caption=\"libertes2\" data-title=\"libertes2\" style=\" width:215px; height:215px;\" \/><\/div><FIGCAPTION class=\"\" data-alpha=\"5\" style=\"color:#ffffff; background-color:#6f0000; font-size:140; text-align:left; font-family:Default;\" ><div class=\"grid-gallery-figcaption-wrap\" style=\" vertical-align:top;\"><\/div><\/FIGCAPTION><\/FIGURE><\/a><a id=\"gg-24-299\" class=\"gg-link \" data-attachment-id=\"2034\" href=\"https:\/\/mc2-productions.net\/site\/femmesduchaosvenezuelien\/wp-content\/uploads\/2018\/10\/libertes3.jpg?gid=24\" target=\"_self\" title=\"libertes3\" data-rel=\"prettyPhoto[pp_gal]\" style=\"border-radius:00;\" ><FIGURE class=\"grid-gallery-caption\" data-grid-gallery-type=\"quarter-slide-up\" data-index=\"2\" style=\"display:none;border-radius:00;; margin:5.3px; width:2150;\" ><div class=\"crop\" style=\" width:2150; height:2150; overflow:hidden;\"><img decoding=\"async\" data-gg-real-image-href=\"https:\/\/mc2-productions.net\/site\/femmesduchaosvenezuelien\/wp-content\/uploads\/2018\/10\/libertes3-215x215.jpg\" src=\"https:\/\/mc2-productions.net\/site\/femmesduchaosvenezuelien\/wp-content\/plugins\/gallery-by-supsystic\/src\/GridGallery\/Galleries\/assets\/img\/loading.gif\" class=\"ggImg ggLazyImg\" alt=\"libertes3\" title=\"libertes3\" data-description=\"libertes3\" data-caption=\"libertes3\" data-title=\"libertes3\" style=\" width:215px; height:215px;\" \/><\/div><FIGCAPTION class=\"\" data-alpha=\"5\" style=\"color:#ffffff; background-color:#6f0000; font-size:140; text-align:left; font-family:Default;\" ><div class=\"grid-gallery-figcaption-wrap\" style=\" vertical-align:top;\"><\/div><\/FIGCAPTION><\/FIGURE><\/a><a id=\"gg-24-300\" class=\"gg-link \" data-attachment-id=\"2035\" href=\"https:\/\/mc2-productions.net\/site\/femmesduchaosvenezuelien\/wp-content\/uploads\/2018\/10\/libertes4.jpg?gid=24\" target=\"_self\" title=\"libertes4\" data-rel=\"prettyPhoto[pp_gal]\" style=\"border-radius:00;\" ><FIGURE class=\"grid-gallery-caption\" data-grid-gallery-type=\"quarter-slide-up\" data-index=\"3\" style=\"display:none;border-radius:00;; margin:5.3px; width:2150;\" ><div class=\"crop\" style=\" width:2150; height:2150; overflow:hidden;\"><img decoding=\"async\" data-gg-real-image-href=\"https:\/\/mc2-productions.net\/site\/femmesduchaosvenezuelien\/wp-content\/uploads\/2018\/10\/libertes4-215x215.jpg\" src=\"https:\/\/mc2-productions.net\/site\/femmesduchaosvenezuelien\/wp-content\/plugins\/gallery-by-supsystic\/src\/GridGallery\/Galleries\/assets\/img\/loading.gif\" class=\"ggImg ggLazyImg\" alt=\"libertes4\" title=\"libertes4\" data-description=\"libertes4\" data-caption=\"libertes4\" data-title=\"libertes4\" style=\" width:215px; height:215px;\" \/><\/div><FIGCAPTION class=\"\" data-alpha=\"5\" style=\"color:#ffffff; background-color:#6f0000; font-size:140; text-align:left; font-family:Default;\" ><div class=\"grid-gallery-figcaption-wrap\" style=\" vertical-align:top;\"><\/div><\/FIGCAPTION><\/FIGURE><\/a><a id=\"gg-24-301\" class=\"gg-link \" data-attachment-id=\"2036\" href=\"https:\/\/mc2-productions.net\/site\/femmesduchaosvenezuelien\/wp-content\/uploads\/2018\/10\/libertes5.jpg?gid=24\" target=\"_self\" title=\"libertes5\" data-rel=\"prettyPhoto[pp_gal]\" style=\"border-radius:00;\" ><FIGURE class=\"grid-gallery-caption\" data-grid-gallery-type=\"quarter-slide-up\" data-index=\"4\" style=\"display:none;border-radius:00;; margin:5.3px; width:2150;\" ><div class=\"crop\" style=\" width:2150; height:2150; overflow:hidden;\"><img decoding=\"async\" data-gg-real-image-href=\"https:\/\/mc2-productions.net\/site\/femmesduchaosvenezuelien\/wp-content\/uploads\/2018\/10\/libertes5-215x215.jpg\" src=\"https:\/\/mc2-productions.net\/site\/femmesduchaosvenezuelien\/wp-content\/plugins\/gallery-by-supsystic\/src\/GridGallery\/Galleries\/assets\/img\/loading.gif\" class=\"ggImg ggLazyImg\" alt=\"libertes5\" title=\"libertes5\" data-description=\"libertes5\" data-caption=\"libertes5\" data-title=\"libertes5\" style=\" width:215px; height:215px;\" \/><\/div><FIGCAPTION class=\"\" data-alpha=\"5\" style=\"color:#ffffff; background-color:#6f0000; font-size:140; text-align:left; font-family:Default;\" ><div class=\"grid-gallery-figcaption-wrap\" style=\" vertical-align:top;\"><\/div><\/FIGCAPTION><\/FIGURE><\/a><a id=\"gg-24-302\" class=\"gg-link \" data-attachment-id=\"2037\" href=\"https:\/\/mc2-productions.net\/site\/femmesduchaosvenezuelien\/wp-content\/uploads\/2018\/10\/libertes6.jpg?gid=24\" target=\"_self\" title=\"libertes6\" data-rel=\"prettyPhoto[pp_gal]\" style=\"border-radius:00;\" ><FIGURE class=\"grid-gallery-caption\" data-grid-gallery-type=\"quarter-slide-up\" data-index=\"5\" style=\"display:none;border-radius:00;; margin:5.3px; width:2150;\" ><div class=\"crop\" style=\" width:2150; height:2150; overflow:hidden;\"><img decoding=\"async\" data-gg-real-image-href=\"https:\/\/mc2-productions.net\/site\/femmesduchaosvenezuelien\/wp-content\/uploads\/2018\/10\/libertes6-215x215.jpg\" src=\"https:\/\/mc2-productions.net\/site\/femmesduchaosvenezuelien\/wp-content\/plugins\/gallery-by-supsystic\/src\/GridGallery\/Galleries\/assets\/img\/loading.gif\" class=\"ggImg ggLazyImg\" alt=\"libertes6\" title=\"libertes6\" data-description=\"libertes6\" data-caption=\"libertes6\" data-title=\"libertes6\" style=\" width:215px; height:215px;\" \/><\/div><FIGCAPTION class=\"\" data-alpha=\"5\" style=\"color:#ffffff; background-color:#6f0000; font-size:140; text-align:left; font-family:Default;\" ><div class=\"grid-gallery-figcaption-wrap\" style=\" vertical-align:top;\"><\/div><\/FIGCAPTION><\/FIGURE><\/a><a id=\"gg-24-303\" class=\"gg-link \" data-attachment-id=\"2038\" href=\"https:\/\/mc2-productions.net\/site\/femmesduchaosvenezuelien\/wp-content\/uploads\/2018\/10\/libertes7.jpg?gid=24\" target=\"_self\" title=\"libertes7\" data-rel=\"prettyPhoto[pp_gal]\" style=\"border-radius:00;\" ><FIGURE class=\"grid-gallery-caption\" data-grid-gallery-type=\"quarter-slide-up\" data-index=\"6\" style=\"display:none;border-radius:00;; margin:5.3px; width:2150;\" ><div class=\"crop\" style=\" width:2150; height:2150; overflow:hidden;\"><img decoding=\"async\" data-gg-real-image-href=\"https:\/\/mc2-productions.net\/site\/femmesduchaosvenezuelien\/wp-content\/uploads\/2018\/10\/libertes7-215x215.jpg\" src=\"https:\/\/mc2-productions.net\/site\/femmesduchaosvenezuelien\/wp-content\/plugins\/gallery-by-supsystic\/src\/GridGallery\/Galleries\/assets\/img\/loading.gif\" class=\"ggImg ggLazyImg\" alt=\"libertes7\" title=\"libertes7\" data-description=\"libertes7\" data-caption=\"libertes7\" data-title=\"libertes7\" style=\" width:215px; height:215px;\" \/><\/div><FIGCAPTION class=\"\" data-alpha=\"5\" style=\"color:#ffffff; background-color:#6f0000; font-size:140; text-align:left; font-family:Default;\" ><div class=\"grid-gallery-figcaption-wrap\" style=\" vertical-align:top;\"><\/div><\/FIGCAPTION><\/FIGURE><\/a><a id=\"gg-24-304\" class=\"gg-link \" data-attachment-id=\"2039\" href=\"https:\/\/mc2-productions.net\/site\/femmesduchaosvenezuelien\/wp-content\/uploads\/2018\/10\/libertes8.jpg?gid=24\" target=\"_self\" title=\"libertes8\" data-rel=\"prettyPhoto[pp_gal]\" style=\"border-radius:00;\" ><FIGURE class=\"grid-gallery-caption\" data-grid-gallery-type=\"quarter-slide-up\" data-index=\"7\" style=\"display:none;border-radius:00;; margin:5.3px; width:2150;\" ><div class=\"crop\" style=\" width:2150; height:2150; overflow:hidden;\"><img decoding=\"async\" data-gg-real-image-href=\"https:\/\/mc2-productions.net\/site\/femmesduchaosvenezuelien\/wp-content\/uploads\/2018\/10\/libertes8-215x215.jpg\" src=\"https:\/\/mc2-productions.net\/site\/femmesduchaosvenezuelien\/wp-content\/plugins\/gallery-by-supsystic\/src\/GridGallery\/Galleries\/assets\/img\/loading.gif\" class=\"ggImg ggLazyImg\" alt=\"libertes8\" title=\"libertes8\" data-description=\"libertes8\" data-caption=\"libertes8\" data-title=\"libertes8\" style=\" width:215px; height:215px;\" \/><\/div><FIGCAPTION class=\"\" data-alpha=\"5\" style=\"color:#ffffff; background-color:#6f0000; font-size:140; text-align:left; font-family:Default;\" ><div class=\"grid-gallery-figcaption-wrap\" style=\" vertical-align:top;\"><\/div><\/FIGCAPTION><\/FIGURE><\/a><a id=\"gg-24-305\" class=\"gg-link \" data-attachment-id=\"2040\" href=\"https:\/\/mc2-productions.net\/site\/femmesduchaosvenezuelien\/wp-content\/uploads\/2018\/10\/libertes9.jpg?gid=24\" target=\"_self\" title=\"libertes9\" data-rel=\"prettyPhoto[pp_gal]\" style=\"border-radius:00;\" ><FIGURE class=\"grid-gallery-caption\" data-grid-gallery-type=\"quarter-slide-up\" data-index=\"8\" style=\"display:none;border-radius:00;; margin:5.3px; width:2150;\" ><div class=\"crop\" style=\" width:2150; height:2150; overflow:hidden;\"><img decoding=\"async\" data-gg-real-image-href=\"https:\/\/mc2-productions.net\/site\/femmesduchaosvenezuelien\/wp-content\/uploads\/2018\/10\/libertes9-215x215.jpg\" src=\"https:\/\/mc2-productions.net\/site\/femmesduchaosvenezuelien\/wp-content\/plugins\/gallery-by-supsystic\/src\/GridGallery\/Galleries\/assets\/img\/loading.gif\" class=\"ggImg ggLazyImg\" alt=\"libertes9\" title=\"libertes9\" data-description=\"libertes9\" data-caption=\"libertes9\" data-title=\"libertes9\" style=\" width:215px; height:215px;\" \/><\/div><FIGCAPTION class=\"\" data-alpha=\"5\" style=\"color:#ffffff; background-color:#6f0000; font-size:140; text-align:left; font-family:Default;\" ><div class=\"grid-gallery-figcaption-wrap\" style=\" vertical-align:top;\"><\/div><\/FIGCAPTION><\/FIGURE><\/a> <div class=\"grid-gallery-clearfix\"><\/div> <\/div> <div class=\"gallery-sharing-bottom\"><\/div> <div class=\"grid-gallery-clearfix\"><\/div> <\/div> <!-- Gallery by Supsystic plugin1.15.17 --><a title=\"WordPress Image Gallery Plugin\" style=\"display:none;\" href=\"https:\/\/supsystic.com\/plugins\/photo-gallery\/?utm_medium=love_link\" target=\"_blank\">WordPress Image Gallery Plugin<\/a>\n","protected":false},"excerpt":{"rendered":"<p>FESTIVAL DES LIBERT\u00c9S Bruxelles, Belgique 18- 27 octobre 2018<\/p>\n","protected":false},"author":1,"featured_media":0,"parent":0,"menu_order":0,"comment_status":"closed","ping_status":"closed","template":"","meta":{"_et_pb_use_builder":"","_et_pb_old_content":"","footnotes":""},"class_list":["post-2031","page","type-page","status-publish","hentry"],"yoast_head":"<!-- This site is optimized with the Yoast SEO plugin v27.2 - https:\/\/yoast.com\/product\/yoast-seo-wordpress\/ -->\n<title>FESTIVAL DES LIBERT\u00c9S Bruxelles - Femmes du Chaos V\u00e9n\u00e9zu\u00e9lien \/ Women of the Venezuelan Chaos - Margarita Cadenas<\/title>\n<meta name=\"robots\" content=\"index, follow, max-snippet:-1, max-image-preview:large, max-video-preview:-1\" \/>\n<link rel=\"canonical\" href=\"https:\/\/mc2-productions.net\/site\/femmesduchaosvenezuelien\/festival-des-libertes-bruxelles\/\" \/>\n<meta property=\"og:locale\" content=\"en_US\" \/>\n<meta property=\"og:type\" content=\"article\" \/>\n<meta property=\"og:title\" content=\"FESTIVAL DES LIBERT\u00c9S Bruxelles - Femmes du Chaos V\u00e9n\u00e9zu\u00e9lien \/ Women of the Venezuelan Chaos - Margarita Cadenas\" \/>\n<meta property=\"og:description\" content=\"FESTIVAL DES LIBERT\u00c9S Bruxelles, Belgique 18- 27 octobre 2018\" \/>\n<meta property=\"og:url\" content=\"https:\/\/mc2-productions.net\/site\/femmesduchaosvenezuelien\/festival-des-libertes-bruxelles\/\" \/>\n<meta property=\"og:site_name\" content=\"Femmes du Chaos V\u00e9n\u00e9zu\u00e9lien \/ Women of the Venezuelan Chaos - Margarita Cadenas\" \/>\n<meta property=\"article:modified_time\" content=\"2018-10-30T04:15:19+00:00\" \/>\n<meta name=\"twitter:card\" content=\"summary_large_image\" \/>\n<script type=\"application\/ld+json\" class=\"yoast-schema-graph\">{\"@context\":\"https:\/\/schema.org\",\"@graph\":[{\"@type\":\"WebPage\",\"@id\":\"https:\/\/mc2-productions.net\/site\/femmesduchaosvenezuelien\/festival-des-libertes-bruxelles\/\",\"url\":\"https:\/\/mc2-productions.net\/site\/femmesduchaosvenezuelien\/festival-des-libertes-bruxelles\/\",\"name\":\"FESTIVAL DES LIBERT\u00c9S Bruxelles - Femmes du Chaos V\u00e9n\u00e9zu\u00e9lien \/ Women of the Venezuelan Chaos - Margarita Cadenas\",\"isPartOf\":{\"@id\":\"https:\/\/mc2-productions.net\/site\/femmesduchaosvenezuelien\/#website\"},\"datePublished\":\"2018-10-30T04:13:06+00:00\",\"dateModified\":\"2018-10-30T04:15:19+00:00\",\"breadcrumb\":{\"@id\":\"https:\/\/mc2-productions.net\/site\/femmesduchaosvenezuelien\/festival-des-libertes-bruxelles\/#breadcrumb\"},\"inLanguage\":\"en-US\",\"potentialAction\":[{\"@type\":\"ReadAction\",\"target\":[\"https:\/\/mc2-productions.net\/site\/femmesduchaosvenezuelien\/festival-des-libertes-bruxelles\/\"]}]},{\"@type\":\"BreadcrumbList\",\"@id\":\"https:\/\/mc2-productions.net\/site\/femmesduchaosvenezuelien\/festival-des-libertes-bruxelles\/#breadcrumb\",\"itemListElement\":[{\"@type\":\"ListItem\",\"position\":1,\"name\":\"Home\",\"item\":\"https:\/\/mc2-productions.net\/site\/femmesduchaosvenezuelien\/\"},{\"@type\":\"ListItem\",\"position\":2,\"name\":\"FESTIVAL DES LIBERT\u00c9S Bruxelles\"}]},{\"@type\":\"WebSite\",\"@id\":\"https:\/\/mc2-productions.net\/site\/femmesduchaosvenezuelien\/#website\",\"url\":\"https:\/\/mc2-productions.net\/site\/femmesduchaosvenezuelien\/\",\"name\":\"Femmes du Chaos V\u00e9n\u00e9zu\u00e9lien \/ Women of the Venezuelan Chaos - Margarita Cadenas\",\"description\":\"un documentaire\",\"publisher\":{\"@id\":\"https:\/\/mc2-productions.net\/site\/femmesduchaosvenezuelien\/#organization\"},\"potentialAction\":[{\"@type\":\"SearchAction\",\"target\":{\"@type\":\"EntryPoint\",\"urlTemplate\":\"https:\/\/mc2-productions.net\/site\/femmesduchaosvenezuelien\/?s={search_term_string}\"},\"query-input\":{\"@type\":\"PropertyValueSpecification\",\"valueRequired\":true,\"valueName\":\"search_term_string\"}}],\"inLanguage\":\"en-US\"},{\"@type\":\"Organization\",\"@id\":\"https:\/\/mc2-productions.net\/site\/femmesduchaosvenezuelien\/#organization\",\"name\":\"Femmes du Chaos V\u00e9n\u00e9zu\u00e9lien \/ Women of the Venezuelan Chaos - Margarita Cadenas\",\"url\":\"https:\/\/mc2-productions.net\/site\/femmesduchaosvenezuelien\/\",\"logo\":{\"@type\":\"ImageObject\",\"inLanguage\":\"en-US\",\"@id\":\"https:\/\/mc2-productions.net\/site\/femmesduchaosvenezuelien\/#\/schema\/logo\/image\/\",\"url\":\"https:\/\/mc2-productions.net\/site\/femmesduchaosvenezuelien\/wp-content\/uploads\/2017\/10\/Logo-Femme-du-Chaos-Menu-web.png\",\"contentUrl\":\"https:\/\/mc2-productions.net\/site\/femmesduchaosvenezuelien\/wp-content\/uploads\/2017\/10\/Logo-Femme-du-Chaos-Menu-web.png\",\"width\":960,\"height\":489,\"caption\":\"Femmes du Chaos V\u00e9n\u00e9zu\u00e9lien \/ Women of the Venezuelan Chaos - Margarita Cadenas\"},\"image\":{\"@id\":\"https:\/\/mc2-productions.net\/site\/femmesduchaosvenezuelien\/#\/schema\/logo\/image\/\"}}]}<\/script>\n<!-- \/ Yoast SEO plugin. -->","yoast_head_json":{"title":"FESTIVAL DES LIBERT\u00c9S Bruxelles - Femmes du Chaos V\u00e9n\u00e9zu\u00e9lien \/ Women of the Venezuelan Chaos - Margarita Cadenas","robots":{"index":"index","follow":"follow","max-snippet":"max-snippet:-1","max-image-preview":"max-image-preview:large","max-video-preview":"max-video-preview:-1"},"canonical":"https:\/\/mc2-productions.net\/site\/femmesduchaosvenezuelien\/festival-des-libertes-bruxelles\/","og_locale":"en_US","og_type":"article","og_title":"FESTIVAL DES LIBERT\u00c9S Bruxelles - Femmes du Chaos V\u00e9n\u00e9zu\u00e9lien \/ Women of the Venezuelan Chaos - Margarita Cadenas","og_description":"FESTIVAL DES LIBERT\u00c9S Bruxelles, Belgique 18- 27 octobre 2018","og_url":"https:\/\/mc2-productions.net\/site\/femmesduchaosvenezuelien\/festival-des-libertes-bruxelles\/","og_site_name":"Femmes du Chaos V\u00e9n\u00e9zu\u00e9lien \/ Women of the Venezuelan Chaos - Margarita Cadenas","article_modified_time":"2018-10-30T04:15:19+00:00","twitter_card":"summary_large_image","schema":{"@context":"https:\/\/schema.org","@graph":[{"@type":"WebPage","@id":"https:\/\/mc2-productions.net\/site\/femmesduchaosvenezuelien\/festival-des-libertes-bruxelles\/","url":"https:\/\/mc2-productions.net\/site\/femmesduchaosvenezuelien\/festival-des-libertes-bruxelles\/","name":"FESTIVAL DES LIBERT\u00c9S Bruxelles - Femmes du Chaos V\u00e9n\u00e9zu\u00e9lien \/ Women of the Venezuelan Chaos - Margarita Cadenas","isPartOf":{"@id":"https:\/\/mc2-productions.net\/site\/femmesduchaosvenezuelien\/#website"},"datePublished":"2018-10-30T04:13:06+00:00","dateModified":"2018-10-30T04:15:19+00:00","breadcrumb":{"@id":"https:\/\/mc2-productions.net\/site\/femmesduchaosvenezuelien\/festival-des-libertes-bruxelles\/#breadcrumb"},"inLanguage":"en-US","potentialAction":[{"@type":"ReadAction","target":["https:\/\/mc2-productions.net\/site\/femmesduchaosvenezuelien\/festival-des-libertes-bruxelles\/"]}]},{"@type":"BreadcrumbList","@id":"https:\/\/mc2-productions.net\/site\/femmesduchaosvenezuelien\/festival-des-libertes-bruxelles\/#breadcrumb","itemListElement":[{"@type":"ListItem","position":1,"name":"Home","item":"https:\/\/mc2-productions.net\/site\/femmesduchaosvenezuelien\/"},{"@type":"ListItem","position":2,"name":"FESTIVAL DES LIBERT\u00c9S Bruxelles"}]},{"@type":"WebSite","@id":"https:\/\/mc2-productions.net\/site\/femmesduchaosvenezuelien\/#website","url":"https:\/\/mc2-productions.net\/site\/femmesduchaosvenezuelien\/","name":"Femmes du Chaos V\u00e9n\u00e9zu\u00e9lien \/ Women of the Venezuelan Chaos - Margarita Cadenas","description":"un documentaire","publisher":{"@id":"https:\/\/mc2-productions.net\/site\/femmesduchaosvenezuelien\/#organization"},"potentialAction":[{"@type":"SearchAction","target":{"@type":"EntryPoint","urlTemplate":"https:\/\/mc2-productions.net\/site\/femmesduchaosvenezuelien\/?s={search_term_string}"},"query-input":{"@type":"PropertyValueSpecification","valueRequired":true,"valueName":"search_term_string"}}],"inLanguage":"en-US"},{"@type":"Organization","@id":"https:\/\/mc2-productions.net\/site\/femmesduchaosvenezuelien\/#organization","name":"Femmes du Chaos V\u00e9n\u00e9zu\u00e9lien \/ Women of the Venezuelan Chaos - Margarita Cadenas","url":"https:\/\/mc2-productions.net\/site\/femmesduchaosvenezuelien\/","logo":{"@type":"ImageObject","inLanguage":"en-US","@id":"https:\/\/mc2-productions.net\/site\/femmesduchaosvenezuelien\/#\/schema\/logo\/image\/","url":"https:\/\/mc2-productions.net\/site\/femmesduchaosvenezuelien\/wp-content\/uploads\/2017\/10\/Logo-Femme-du-Chaos-Menu-web.png","contentUrl":"https:\/\/mc2-productions.net\/site\/femmesduchaosvenezuelien\/wp-content\/uploads\/2017\/10\/Logo-Femme-du-Chaos-Menu-web.png","width":960,"height":489,"caption":"Femmes du Chaos V\u00e9n\u00e9zu\u00e9lien \/ Women of the Venezuelan Chaos - Margarita Cadenas"},"image":{"@id":"https:\/\/mc2-productions.net\/site\/femmesduchaosvenezuelien\/#\/schema\/logo\/image\/"}}]}},"_links":{"self":[{"href":"https:\/\/mc2-productions.net\/site\/femmesduchaosvenezuelien\/wp-json\/wp\/v2\/pages\/2031","targetHints":{"allow":["GET"]}}],"collection":[{"href":"https:\/\/mc2-productions.net\/site\/femmesduchaosvenezuelien\/wp-json\/wp\/v2\/pages"}],"about":[{"href":"https:\/\/mc2-productions.net\/site\/femmesduchaosvenezuelien\/wp-json\/wp\/v2\/types\/page"}],"author":[{"embeddable":true,"href":"https:\/\/mc2-productions.net\/site\/femmesduchaosvenezuelien\/wp-json\/wp\/v2\/users\/1"}],"replies":[{"embeddable":true,"href":"https:\/\/mc2-productions.net\/site\/femmesduchaosvenezuelien\/wp-json\/wp\/v2\/comments?post=2031"}],"version-history":[{"count":0,"href":"https:\/\/mc2-productions.net\/site\/femmesduchaosvenezuelien\/wp-json\/wp\/v2\/pages\/2031\/revisions"}],"wp:attachment":[{"href":"https:\/\/mc2-productions.net\/site\/femmesduchaosvenezuelien\/wp-json\/wp\/v2\/media?parent=2031"}],"curies":[{"name":"wp","href":"https:\/\/api.w.org\/{rel}","templated":true}]}}