{"id":1551,"date":"2018-06-20T00:45:37","date_gmt":"2018-06-20T00:45:37","guid":{"rendered":"https:\/\/mc2-productions.net\/site\/femmesduchaosvenezuelien\/?page_id=1551"},"modified":"2018-06-20T00:46:56","modified_gmt":"2018-06-20T00:46:56","slug":"29th-new-york-human-rights-watch-film-festival","status":"publish","type":"page","link":"https:\/\/mc2-productions.net\/site\/femmesduchaosvenezuelien\/29th-new-york-human-rights-watch-film-festival\/","title":{"rendered":"29TH NEW YORK HUMAN RIGHTS WATCH FILM FESTIVAL"},"content":{"rendered":"<p>New York, United States 14- 21 June 2018<\/p>\n<p>&nbsp;<\/p>\n<div id=\"grid-gallery-16-38669\" data-gg-id=\"16\" data-title=\"New York\" data-grid-type=\"0\" data-offset=\"5.3\" data-area-position=\"center\" data-icons=\"false\" data-preloader=\"true\" data-width=\"215\" data-height=\"215\" data-padding=\"0\" data-quicksand=\"disabled\" data-quicksand-duration=\"1800\" data-popup-theme=\"theme_6\" data-popup-type=\"pretty-photo\" data-popup-image-text=\"data-description\" data-popup-widthsize=\"auto\" data-popup-heightsize=\"auto\" data-popup-i18n-words=\"{&quot;close&quot;:&quot;close&quot;,&quot;next&quot;:&quot;next&quot;,&quot;previous&quot;:&quot;previous&quot;,&quot;start_slideshow&quot;:&quot;start slideshow&quot;,&quot;stop_slideshow&quot;:&quot;stop slideshow&quot;,&quot;image&quot;:&quot;image&quot;,&quot;of&quot;:&quot;of&quot;,&quot;prev&quot;:&quot;prev&quot;,&quot;cExpand&quot;:&quot;Expand&quot;,&quot;cPrevious&quot;:&quot;Previous&quot;,&quot;cNext&quot;:&quot;Next&quot;,&quot;cExpandStr&quot;:&quot;Expand the image&quot;,&quot;cRotate&quot;:&quot;Rotate&quot;,&quot;cDetails&quot;:&quot;Details&quot;}\" data-popup-slideshow=\"false\" data-popup-slideshow-speed=\"2500\" data-popup-hoverstop=\"true\" data-popup-slideshow-auto=\"false\" data-popup-background=\"\" data-popup-transparency=\"30\" data-popup-disable-history=\"\" data-popup-disable-changed-url=\"\" data-popup-border-type=\"\" data-popup-border-color=\"\" data-popup-border-width=\"\" data-popup-border-enable=\"\" data-fullscreen=\"false\" data-hide-tooltip=\"false\" data-caption-font-family=\"Default\" data-caption-text-size=\"140\" data-is-mobile=\"0\" data-caption-mobile=\"false\" data-hide-long-tltp-title=\"0\" data-caption-disabled-on-mobile=\"false\" data-lazyload-enable='1' data-lazyload-effect=\"show\" data-lazyload-effect-duration=\"400\" data-popup-placement-type=\"0\" data-social-sharing=\"{&quot;enabled&quot;:&quot;&quot;,&quot;gallerySharing&quot;:{&quot;enabled&quot;:null,&quot;position&quot;:null},&quot;imageSharing&quot;:{&quot;enabled&quot;:null,&quot;wrapperClass&quot;:&quot; vertical &quot;},&quot;popupSharing&quot;:{&quot;enabled&quot;:null,&quot;wrapperClass&quot;:&quot; vertical &quot;}}\" class=\"grid-gallery grid-gallery-fixed \" style=\" width:100%; height:auto; margin-left:auto; margin-right:auto;position:relative;\"> <div class=\"gallery-loading\"> <div class=\"blocks\"> <div class=\"block\"><\/div> <div class=\"block\"><\/div> <div class=\"block\"><\/div> <div class=\"block\"><\/div> <\/div> <\/div> <div class=\"gallery-sharing-top\"><\/div> <div id=\"photos-16\" class=\"grid-gallery-photos\"><a id=\"gg-16-203\" class=\"gg-link \" data-attachment-id=\"1552\" href=\"https:\/\/mc2-productions.net\/site\/femmesduchaosvenezuelien\/wp-content\/uploads\/2018\/06\/newyork1.jpg?gid=16\" target=\"_self\" title=\"newyork1\" data-rel=\"prettyPhoto[pp_gal]\" style=\"border-radius:00;\" ><FIGURE class=\"grid-gallery-caption\" data-grid-gallery-type=\"quarter-slide-up\" data-index=\"0\" style=\"display:none;border-radius:00;; margin:5.3px; width:2150;\" ><div class=\"crop\" style=\" width:2150; height:2150; overflow:hidden;\"><img decoding=\"async\" data-gg-real-image-href=\"https:\/\/mc2-productions.net\/site\/femmesduchaosvenezuelien\/wp-content\/uploads\/2018\/06\/newyork1-215x215.jpg\" src=\"\" class=\"ggImg ggLazyImg\" alt=\"newyork1\" title=\"newyork1\" data-description=\"newyork1\" data-caption=\"newyork1\" data-title=\"newyork1\" style=\" width:215px; height:215px;\" \/><\/div><FIGCAPTION class=\"\" data-alpha=\"5\" style=\"color:#ffffff; background-color:#6f0000; font-size:140; text-align:2; font-family:Default;\" ><div class=\"grid-gallery-figcaption-wrap\" style=\" vertical-align:;\"><\/div><\/FIGCAPTION><\/FIGURE><\/a><a id=\"gg-16-204\" class=\"gg-link \" data-attachment-id=\"1553\" href=\"https:\/\/mc2-productions.net\/site\/femmesduchaosvenezuelien\/wp-content\/uploads\/2018\/06\/newyork2.jpg?gid=16\" target=\"_self\" title=\"newyork2\" data-rel=\"prettyPhoto[pp_gal]\" style=\"border-radius:00;\" ><FIGURE class=\"grid-gallery-caption\" data-grid-gallery-type=\"quarter-slide-up\" data-index=\"1\" style=\"display:none;border-radius:00;; margin:5.3px; width:2150;\" ><div class=\"crop\" style=\" width:2150; height:2150; overflow:hidden;\"><img decoding=\"async\" data-gg-real-image-href=\"https:\/\/mc2-productions.net\/site\/femmesduchaosvenezuelien\/wp-content\/uploads\/2018\/06\/newyork2-215x215.jpg\" src=\"\" class=\"ggImg ggLazyImg\" alt=\"newyork2\" title=\"newyork2\" data-description=\"newyork2\" data-caption=\"newyork2\" data-title=\"newyork2\" style=\" width:215px; height:215px;\" \/><\/div><FIGCAPTION class=\"\" data-alpha=\"5\" style=\"color:#ffffff; background-color:#6f0000; font-size:140; text-align:2; font-family:Default;\" ><div class=\"grid-gallery-figcaption-wrap\" style=\" vertical-align:;\"><\/div><\/FIGCAPTION><\/FIGURE><\/a><a id=\"gg-16-205\" class=\"gg-link \" data-attachment-id=\"1554\" href=\"https:\/\/mc2-productions.net\/site\/femmesduchaosvenezuelien\/wp-content\/uploads\/2018\/06\/newyork3.jpg?gid=16\" target=\"_self\" title=\"newyork3\" data-rel=\"prettyPhoto[pp_gal]\" style=\"border-radius:00;\" ><FIGURE class=\"grid-gallery-caption\" data-grid-gallery-type=\"quarter-slide-up\" data-index=\"2\" style=\"display:none;border-radius:00;; margin:5.3px; width:2150;\" ><div class=\"crop\" style=\" width:2150; height:2150; overflow:hidden;\"><img decoding=\"async\" data-gg-real-image-href=\"https:\/\/mc2-productions.net\/site\/femmesduchaosvenezuelien\/wp-content\/uploads\/2018\/06\/newyork3-215x215.jpg\" src=\"\" class=\"ggImg ggLazyImg\" alt=\"newyork3\" title=\"newyork3\" data-description=\"newyork3\" data-caption=\"newyork3\" data-title=\"newyork3\" style=\" width:215px; height:215px;\" \/><\/div><FIGCAPTION class=\"\" data-alpha=\"5\" style=\"color:#ffffff; background-color:#6f0000; font-size:140; text-align:2; font-family:Default;\" ><div class=\"grid-gallery-figcaption-wrap\" style=\" vertical-align:;\"><\/div><\/FIGCAPTION><\/FIGURE><\/a><a id=\"gg-16-206\" class=\"gg-link \" data-attachment-id=\"1555\" href=\"https:\/\/mc2-productions.net\/site\/femmesduchaosvenezuelien\/wp-content\/uploads\/2018\/06\/newyork4.jpg?gid=16\" target=\"_self\" title=\"newyork4\" data-rel=\"prettyPhoto[pp_gal]\" style=\"border-radius:00;\" ><FIGURE class=\"grid-gallery-caption\" data-grid-gallery-type=\"quarter-slide-up\" data-index=\"3\" style=\"display:none;border-radius:00;; margin:5.3px; width:2150;\" ><div class=\"crop\" style=\" width:2150; height:2150; overflow:hidden;\"><img decoding=\"async\" data-gg-real-image-href=\"https:\/\/mc2-productions.net\/site\/femmesduchaosvenezuelien\/wp-content\/uploads\/2018\/06\/newyork4-215x215.jpg\" src=\"\" class=\"ggImg ggLazyImg\" alt=\"newyork4\" title=\"newyork4\" data-description=\"newyork4\" data-caption=\"newyork4\" data-title=\"newyork4\" style=\" width:215px; height:215px;\" \/><\/div><FIGCAPTION class=\"\" data-alpha=\"5\" style=\"color:#ffffff; background-color:#6f0000; font-size:140; text-align:2; font-family:Default;\" ><div class=\"grid-gallery-figcaption-wrap\" style=\" vertical-align:;\"><\/div><\/FIGCAPTION><\/FIGURE><\/a><a id=\"gg-16-207\" class=\"gg-link \" data-attachment-id=\"1556\" href=\"https:\/\/mc2-productions.net\/site\/femmesduchaosvenezuelien\/wp-content\/uploads\/2018\/06\/newyork5.jpg?gid=16\" target=\"_self\" title=\"newyork5\" data-rel=\"prettyPhoto[pp_gal]\" style=\"border-radius:00;\" ><FIGURE class=\"grid-gallery-caption\" data-grid-gallery-type=\"quarter-slide-up\" data-index=\"4\" style=\"display:none;border-radius:00;; margin:5.3px; width:2150;\" ><div class=\"crop\" style=\" width:2150; height:2150; overflow:hidden;\"><img decoding=\"async\" data-gg-real-image-href=\"https:\/\/mc2-productions.net\/site\/femmesduchaosvenezuelien\/wp-content\/uploads\/2018\/06\/newyork5-215x215.jpg\" src=\"\" class=\"ggImg ggLazyImg\" alt=\"newyork5\" title=\"newyork5\" data-description=\"newyork5\" data-caption=\"newyork5\" data-title=\"newyork5\" style=\" width:215px; height:215px;\" \/><\/div><FIGCAPTION class=\"\" data-alpha=\"5\" style=\"color:#ffffff; background-color:#6f0000; font-size:140; text-align:2; font-family:Default;\" ><div class=\"grid-gallery-figcaption-wrap\" style=\" vertical-align:;\"><\/div><\/FIGCAPTION><\/FIGURE><\/a><a id=\"gg-16-208\" class=\"gg-link \" data-attachment-id=\"1557\" href=\"https:\/\/mc2-productions.net\/site\/femmesduchaosvenezuelien\/wp-content\/uploads\/2018\/06\/newyork6.jpg?gid=16\" target=\"_self\" title=\"newyork6\" data-rel=\"prettyPhoto[pp_gal]\" style=\"border-radius:00;\" ><FIGURE class=\"grid-gallery-caption\" data-grid-gallery-type=\"quarter-slide-up\" data-index=\"5\" style=\"display:none;border-radius:00;; margin:5.3px; width:2150;\" ><div class=\"crop\" style=\" width:2150; height:2150; overflow:hidden;\"><img decoding=\"async\" data-gg-real-image-href=\"https:\/\/mc2-productions.net\/site\/femmesduchaosvenezuelien\/wp-content\/uploads\/2018\/06\/newyork6-215x215.jpg\" src=\"\" class=\"ggImg ggLazyImg\" alt=\"newyork6\" title=\"newyork6\" data-description=\"newyork6\" data-caption=\"newyork6\" data-title=\"newyork6\" style=\" width:215px; height:215px;\" \/><\/div><FIGCAPTION class=\"\" data-alpha=\"5\" style=\"color:#ffffff; background-color:#6f0000; font-size:140; text-align:2; font-family:Default;\" ><div class=\"grid-gallery-figcaption-wrap\" style=\" vertical-align:;\"><\/div><\/FIGCAPTION><\/FIGURE><\/a><a id=\"gg-16-209\" class=\"gg-link \" data-attachment-id=\"1558\" href=\"https:\/\/mc2-productions.net\/site\/femmesduchaosvenezuelien\/wp-content\/uploads\/2018\/06\/newyork7.jpg?gid=16\" target=\"_self\" title=\"newyork7\" data-rel=\"prettyPhoto[pp_gal]\" style=\"border-radius:00;\" ><FIGURE class=\"grid-gallery-caption\" data-grid-gallery-type=\"quarter-slide-up\" data-index=\"6\" style=\"display:none;border-radius:00;; margin:5.3px; width:2150;\" ><div class=\"crop\" style=\" width:2150; height:2150; overflow:hidden;\"><img decoding=\"async\" data-gg-real-image-href=\"https:\/\/mc2-productions.net\/site\/femmesduchaosvenezuelien\/wp-content\/uploads\/2018\/06\/newyork7-215x215.jpg\" src=\"\" class=\"ggImg ggLazyImg\" alt=\"newyork7\" title=\"newyork7\" data-description=\"newyork7\" data-caption=\"newyork7\" data-title=\"newyork7\" style=\" width:215px; height:215px;\" \/><\/div><FIGCAPTION class=\"\" data-alpha=\"5\" style=\"color:#ffffff; background-color:#6f0000; font-size:140; text-align:2; font-family:Default;\" ><div class=\"grid-gallery-figcaption-wrap\" style=\" vertical-align:;\"><\/div><\/FIGCAPTION><\/FIGURE><\/a><a id=\"gg-16-210\" class=\"gg-link \" data-attachment-id=\"1559\" href=\"https:\/\/mc2-productions.net\/site\/femmesduchaosvenezuelien\/wp-content\/uploads\/2018\/06\/newyork8.jpg?gid=16\" target=\"_self\" title=\"newyork8\" data-rel=\"prettyPhoto[pp_gal]\" style=\"border-radius:00;\" ><FIGURE class=\"grid-gallery-caption\" data-grid-gallery-type=\"quarter-slide-up\" data-index=\"7\" style=\"display:none;border-radius:00;; margin:5.3px; width:2150;\" ><div class=\"crop\" style=\" width:2150; height:2150; overflow:hidden;\"><img decoding=\"async\" data-gg-real-image-href=\"https:\/\/mc2-productions.net\/site\/femmesduchaosvenezuelien\/wp-content\/uploads\/2018\/06\/newyork8-215x215.jpg\" src=\"\" class=\"ggImg ggLazyImg\" alt=\"newyork8\" title=\"newyork8\" data-description=\"newyork8\" data-caption=\"newyork8\" data-title=\"newyork8\" style=\" width:215px; height:215px;\" \/><\/div><FIGCAPTION class=\"\" data-alpha=\"5\" style=\"color:#ffffff; background-color:#6f0000; font-size:140; text-align:2; font-family:Default;\" ><div class=\"grid-gallery-figcaption-wrap\" style=\" vertical-align:;\"><\/div><\/FIGCAPTION><\/FIGURE><\/a><a id=\"gg-16-211\" class=\"gg-link \" data-attachment-id=\"1560\" href=\"https:\/\/mc2-productions.net\/site\/femmesduchaosvenezuelien\/wp-content\/uploads\/2018\/06\/newyork9.jpg?gid=16\" target=\"_self\" title=\"newyork9\" data-rel=\"prettyPhoto[pp_gal]\" style=\"border-radius:00;\" ><FIGURE class=\"grid-gallery-caption\" data-grid-gallery-type=\"quarter-slide-up\" data-index=\"8\" style=\"display:none;border-radius:00;; margin:5.3px; width:2150;\" ><div class=\"crop\" style=\" width:2150; height:2150; overflow:hidden;\"><img decoding=\"async\" data-gg-real-image-href=\"https:\/\/mc2-productions.net\/site\/femmesduchaosvenezuelien\/wp-content\/uploads\/2018\/06\/newyork9-215x215.jpg\" src=\"\" class=\"ggImg ggLazyImg\" alt=\"newyork9\" title=\"newyork9\" data-description=\"newyork9\" data-caption=\"newyork9\" data-title=\"newyork9\" style=\" width:215px; height:215px;\" \/><\/div><FIGCAPTION class=\"\" data-alpha=\"5\" style=\"color:#ffffff; background-color:#6f0000; font-size:140; text-align:2; font-family:Default;\" ><div class=\"grid-gallery-figcaption-wrap\" style=\" vertical-align:;\"><\/div><\/FIGCAPTION><\/FIGURE><\/a><a id=\"gg-16-212\" class=\"gg-link \" data-attachment-id=\"1561\" href=\"https:\/\/mc2-productions.net\/site\/femmesduchaosvenezuelien\/wp-content\/uploads\/2018\/06\/newyork11.jpg?gid=16\" target=\"_self\" title=\"newyork11\" data-rel=\"prettyPhoto[pp_gal]\" style=\"border-radius:00;\" ><FIGURE class=\"grid-gallery-caption\" data-grid-gallery-type=\"quarter-slide-up\" data-index=\"9\" style=\"display:none;border-radius:00;; margin:5.3px; width:2150;\" ><div class=\"crop\" style=\" width:2150; height:2150; overflow:hidden;\"><img decoding=\"async\" data-gg-real-image-href=\"https:\/\/mc2-productions.net\/site\/femmesduchaosvenezuelien\/wp-content\/uploads\/2018\/06\/newyork11-215x215.jpg\" src=\"\" class=\"ggImg ggLazyImg\" alt=\"newyork11\" title=\"newyork11\" data-description=\"newyork11\" data-caption=\"newyork11\" data-title=\"newyork11\" style=\" width:215px; height:215px;\" \/><\/div><FIGCAPTION class=\"\" data-alpha=\"5\" style=\"color:#ffffff; background-color:#6f0000; font-size:140; text-align:2; font-family:Default;\" ><div class=\"grid-gallery-figcaption-wrap\" style=\" vertical-align:;\"><\/div><\/FIGCAPTION><\/FIGURE><\/a><a id=\"gg-16-213\" class=\"gg-link \" data-attachment-id=\"1564\" href=\"https:\/\/mc2-productions.net\/site\/femmesduchaosvenezuelien\/wp-content\/uploads\/2018\/06\/newyork10.jpg?gid=16\" target=\"_self\" title=\"newyork10\" data-rel=\"prettyPhoto[pp_gal]\" style=\"border-radius:00;\" ><FIGURE class=\"grid-gallery-caption\" data-grid-gallery-type=\"quarter-slide-up\" data-index=\"10\" style=\"display:none;border-radius:00;; margin:5.3px; width:2150;\" ><div class=\"crop\" style=\" width:2150; height:2150; overflow:hidden;\"><img decoding=\"async\" data-gg-real-image-href=\"https:\/\/mc2-productions.net\/site\/femmesduchaosvenezuelien\/wp-content\/uploads\/2018\/06\/newyork10-215x215.jpg\" src=\"\" class=\"ggImg ggLazyImg\" alt=\"newyork10\" title=\"newyork10\" data-description=\"newyork10\" data-caption=\"newyork10\" data-title=\"newyork10\" style=\" width:215px; height:215px;\" \/><\/div><FIGCAPTION class=\"\" data-alpha=\"5\" style=\"color:#ffffff; background-color:#6f0000; font-size:140; text-align:2; font-family:Default;\" ><div class=\"grid-gallery-figcaption-wrap\" style=\" vertical-align:;\"><\/div><\/FIGCAPTION><\/FIGURE><\/a> <div class=\"grid-gallery-clearfix\"><\/div> <\/div> <div class=\"gallery-sharing-bottom\"><\/div> <div class=\"grid-gallery-clearfix\"><\/div> <\/div> <!-- Gallery by Supsystic plugin1.15.17 --><a title=\"WordPress Image Gallery Plugin\" style=\"display:none;\" href=\"https:\/\/supsystic.com\/plugins\/photo-gallery\/?utm_medium=love_link\" target=\"_blank\">WordPress Image Gallery Plugin<\/a>\n","protected":false},"excerpt":{"rendered":"<p>New York, United States 14- 21 June 2018 &nbsp;<\/p>\n","protected":false},"author":1,"featured_media":0,"parent":0,"menu_order":0,"comment_status":"closed","ping_status":"closed","template":"","meta":{"_et_pb_use_builder":"","_et_pb_old_content":"","footnotes":""},"class_list":["post-1551","page","type-page","status-publish","hentry"],"yoast_head":"<!-- This site is optimized with the Yoast SEO plugin v27.2 - https:\/\/yoast.com\/product\/yoast-seo-wordpress\/ -->\n<title>29TH NEW YORK HUMAN RIGHTS WATCH FILM FESTIVAL - Femmes du Chaos V\u00e9n\u00e9zu\u00e9lien \/ Women of the Venezuelan Chaos - Margarita Cadenas<\/title>\n<meta name=\"robots\" content=\"index, follow, max-snippet:-1, max-image-preview:large, max-video-preview:-1\" \/>\n<link rel=\"canonical\" href=\"https:\/\/mc2-productions.net\/site\/femmesduchaosvenezuelien\/29th-new-york-human-rights-watch-film-festival\/\" \/>\n<meta property=\"og:locale\" content=\"en_US\" \/>\n<meta property=\"og:type\" content=\"article\" \/>\n<meta property=\"og:title\" content=\"29TH NEW YORK HUMAN RIGHTS WATCH FILM FESTIVAL - Femmes du Chaos V\u00e9n\u00e9zu\u00e9lien \/ Women of the Venezuelan Chaos - Margarita Cadenas\" \/>\n<meta property=\"og:description\" content=\"New York, United States 14- 21 June 2018 &nbsp;\" \/>\n<meta property=\"og:url\" content=\"https:\/\/mc2-productions.net\/site\/femmesduchaosvenezuelien\/29th-new-york-human-rights-watch-film-festival\/\" \/>\n<meta property=\"og:site_name\" content=\"Femmes du Chaos V\u00e9n\u00e9zu\u00e9lien \/ Women of the Venezuelan Chaos - Margarita Cadenas\" \/>\n<meta property=\"article:modified_time\" content=\"2018-06-20T00:46:56+00:00\" \/>\n<meta name=\"twitter:card\" content=\"summary_large_image\" \/>\n<script type=\"application\/ld+json\" class=\"yoast-schema-graph\">{\"@context\":\"https:\/\/schema.org\",\"@graph\":[{\"@type\":\"WebPage\",\"@id\":\"https:\/\/mc2-productions.net\/site\/femmesduchaosvenezuelien\/29th-new-york-human-rights-watch-film-festival\/\",\"url\":\"https:\/\/mc2-productions.net\/site\/femmesduchaosvenezuelien\/29th-new-york-human-rights-watch-film-festival\/\",\"name\":\"29TH NEW YORK HUMAN RIGHTS WATCH FILM FESTIVAL - Femmes du Chaos V\u00e9n\u00e9zu\u00e9lien \/ Women of the Venezuelan Chaos - Margarita Cadenas\",\"isPartOf\":{\"@id\":\"https:\/\/mc2-productions.net\/site\/femmesduchaosvenezuelien\/#website\"},\"datePublished\":\"2018-06-20T00:45:37+00:00\",\"dateModified\":\"2018-06-20T00:46:56+00:00\",\"breadcrumb\":{\"@id\":\"https:\/\/mc2-productions.net\/site\/femmesduchaosvenezuelien\/29th-new-york-human-rights-watch-film-festival\/#breadcrumb\"},\"inLanguage\":\"en-US\",\"potentialAction\":[{\"@type\":\"ReadAction\",\"target\":[\"https:\/\/mc2-productions.net\/site\/femmesduchaosvenezuelien\/29th-new-york-human-rights-watch-film-festival\/\"]}]},{\"@type\":\"BreadcrumbList\",\"@id\":\"https:\/\/mc2-productions.net\/site\/femmesduchaosvenezuelien\/29th-new-york-human-rights-watch-film-festival\/#breadcrumb\",\"itemListElement\":[{\"@type\":\"ListItem\",\"position\":1,\"name\":\"Home\",\"item\":\"https:\/\/mc2-productions.net\/site\/femmesduchaosvenezuelien\/\"},{\"@type\":\"ListItem\",\"position\":2,\"name\":\"29TH NEW YORK HUMAN RIGHTS WATCH FILM FESTIVAL\"}]},{\"@type\":\"WebSite\",\"@id\":\"https:\/\/mc2-productions.net\/site\/femmesduchaosvenezuelien\/#website\",\"url\":\"https:\/\/mc2-productions.net\/site\/femmesduchaosvenezuelien\/\",\"name\":\"Femmes du Chaos V\u00e9n\u00e9zu\u00e9lien \/ Women of the Venezuelan Chaos - Margarita Cadenas\",\"description\":\"un documentaire\",\"publisher\":{\"@id\":\"https:\/\/mc2-productions.net\/site\/femmesduchaosvenezuelien\/#organization\"},\"potentialAction\":[{\"@type\":\"SearchAction\",\"target\":{\"@type\":\"EntryPoint\",\"urlTemplate\":\"https:\/\/mc2-productions.net\/site\/femmesduchaosvenezuelien\/?s={search_term_string}\"},\"query-input\":{\"@type\":\"PropertyValueSpecification\",\"valueRequired\":true,\"valueName\":\"search_term_string\"}}],\"inLanguage\":\"en-US\"},{\"@type\":\"Organization\",\"@id\":\"https:\/\/mc2-productions.net\/site\/femmesduchaosvenezuelien\/#organization\",\"name\":\"Femmes du Chaos V\u00e9n\u00e9zu\u00e9lien \/ Women of the Venezuelan Chaos - Margarita Cadenas\",\"url\":\"https:\/\/mc2-productions.net\/site\/femmesduchaosvenezuelien\/\",\"logo\":{\"@type\":\"ImageObject\",\"inLanguage\":\"en-US\",\"@id\":\"https:\/\/mc2-productions.net\/site\/femmesduchaosvenezuelien\/#\/schema\/logo\/image\/\",\"url\":\"https:\/\/mc2-productions.net\/site\/femmesduchaosvenezuelien\/wp-content\/uploads\/2017\/10\/Logo-Femme-du-Chaos-Menu-web.png\",\"contentUrl\":\"https:\/\/mc2-productions.net\/site\/femmesduchaosvenezuelien\/wp-content\/uploads\/2017\/10\/Logo-Femme-du-Chaos-Menu-web.png\",\"width\":960,\"height\":489,\"caption\":\"Femmes du Chaos V\u00e9n\u00e9zu\u00e9lien \/ Women of the Venezuelan Chaos - Margarita Cadenas\"},\"image\":{\"@id\":\"https:\/\/mc2-productions.net\/site\/femmesduchaosvenezuelien\/#\/schema\/logo\/image\/\"}}]}<\/script>\n<!-- \/ Yoast SEO plugin. -->","yoast_head_json":{"title":"29TH NEW YORK HUMAN RIGHTS WATCH FILM FESTIVAL - Femmes du Chaos V\u00e9n\u00e9zu\u00e9lien \/ Women of the Venezuelan Chaos - Margarita Cadenas","robots":{"index":"index","follow":"follow","max-snippet":"max-snippet:-1","max-image-preview":"max-image-preview:large","max-video-preview":"max-video-preview:-1"},"canonical":"https:\/\/mc2-productions.net\/site\/femmesduchaosvenezuelien\/29th-new-york-human-rights-watch-film-festival\/","og_locale":"en_US","og_type":"article","og_title":"29TH NEW YORK HUMAN RIGHTS WATCH FILM FESTIVAL - Femmes du Chaos V\u00e9n\u00e9zu\u00e9lien \/ Women of the Venezuelan Chaos - Margarita Cadenas","og_description":"New York, United States 14- 21 June 2018 &nbsp;","og_url":"https:\/\/mc2-productions.net\/site\/femmesduchaosvenezuelien\/29th-new-york-human-rights-watch-film-festival\/","og_site_name":"Femmes du Chaos V\u00e9n\u00e9zu\u00e9lien \/ Women of the Venezuelan Chaos - Margarita Cadenas","article_modified_time":"2018-06-20T00:46:56+00:00","twitter_card":"summary_large_image","schema":{"@context":"https:\/\/schema.org","@graph":[{"@type":"WebPage","@id":"https:\/\/mc2-productions.net\/site\/femmesduchaosvenezuelien\/29th-new-york-human-rights-watch-film-festival\/","url":"https:\/\/mc2-productions.net\/site\/femmesduchaosvenezuelien\/29th-new-york-human-rights-watch-film-festival\/","name":"29TH NEW YORK HUMAN RIGHTS WATCH FILM FESTIVAL - Femmes du Chaos V\u00e9n\u00e9zu\u00e9lien \/ Women of the Venezuelan Chaos - Margarita Cadenas","isPartOf":{"@id":"https:\/\/mc2-productions.net\/site\/femmesduchaosvenezuelien\/#website"},"datePublished":"2018-06-20T00:45:37+00:00","dateModified":"2018-06-20T00:46:56+00:00","breadcrumb":{"@id":"https:\/\/mc2-productions.net\/site\/femmesduchaosvenezuelien\/29th-new-york-human-rights-watch-film-festival\/#breadcrumb"},"inLanguage":"en-US","potentialAction":[{"@type":"ReadAction","target":["https:\/\/mc2-productions.net\/site\/femmesduchaosvenezuelien\/29th-new-york-human-rights-watch-film-festival\/"]}]},{"@type":"BreadcrumbList","@id":"https:\/\/mc2-productions.net\/site\/femmesduchaosvenezuelien\/29th-new-york-human-rights-watch-film-festival\/#breadcrumb","itemListElement":[{"@type":"ListItem","position":1,"name":"Home","item":"https:\/\/mc2-productions.net\/site\/femmesduchaosvenezuelien\/"},{"@type":"ListItem","position":2,"name":"29TH NEW YORK HUMAN RIGHTS WATCH FILM FESTIVAL"}]},{"@type":"WebSite","@id":"https:\/\/mc2-productions.net\/site\/femmesduchaosvenezuelien\/#website","url":"https:\/\/mc2-productions.net\/site\/femmesduchaosvenezuelien\/","name":"Femmes du Chaos V\u00e9n\u00e9zu\u00e9lien \/ Women of the Venezuelan Chaos - Margarita Cadenas","description":"un documentaire","publisher":{"@id":"https:\/\/mc2-productions.net\/site\/femmesduchaosvenezuelien\/#organization"},"potentialAction":[{"@type":"SearchAction","target":{"@type":"EntryPoint","urlTemplate":"https:\/\/mc2-productions.net\/site\/femmesduchaosvenezuelien\/?s={search_term_string}"},"query-input":{"@type":"PropertyValueSpecification","valueRequired":true,"valueName":"search_term_string"}}],"inLanguage":"en-US"},{"@type":"Organization","@id":"https:\/\/mc2-productions.net\/site\/femmesduchaosvenezuelien\/#organization","name":"Femmes du Chaos V\u00e9n\u00e9zu\u00e9lien \/ Women of the Venezuelan Chaos - Margarita Cadenas","url":"https:\/\/mc2-productions.net\/site\/femmesduchaosvenezuelien\/","logo":{"@type":"ImageObject","inLanguage":"en-US","@id":"https:\/\/mc2-productions.net\/site\/femmesduchaosvenezuelien\/#\/schema\/logo\/image\/","url":"https:\/\/mc2-productions.net\/site\/femmesduchaosvenezuelien\/wp-content\/uploads\/2017\/10\/Logo-Femme-du-Chaos-Menu-web.png","contentUrl":"https:\/\/mc2-productions.net\/site\/femmesduchaosvenezuelien\/wp-content\/uploads\/2017\/10\/Logo-Femme-du-Chaos-Menu-web.png","width":960,"height":489,"caption":"Femmes du Chaos V\u00e9n\u00e9zu\u00e9lien \/ Women of the Venezuelan Chaos - Margarita Cadenas"},"image":{"@id":"https:\/\/mc2-productions.net\/site\/femmesduchaosvenezuelien\/#\/schema\/logo\/image\/"}}]}},"_links":{"self":[{"href":"https:\/\/mc2-productions.net\/site\/femmesduchaosvenezuelien\/wp-json\/wp\/v2\/pages\/1551","targetHints":{"allow":["GET"]}}],"collection":[{"href":"https:\/\/mc2-productions.net\/site\/femmesduchaosvenezuelien\/wp-json\/wp\/v2\/pages"}],"about":[{"href":"https:\/\/mc2-productions.net\/site\/femmesduchaosvenezuelien\/wp-json\/wp\/v2\/types\/page"}],"author":[{"embeddable":true,"href":"https:\/\/mc2-productions.net\/site\/femmesduchaosvenezuelien\/wp-json\/wp\/v2\/users\/1"}],"replies":[{"embeddable":true,"href":"https:\/\/mc2-productions.net\/site\/femmesduchaosvenezuelien\/wp-json\/wp\/v2\/comments?post=1551"}],"version-history":[{"count":0,"href":"https:\/\/mc2-productions.net\/site\/femmesduchaosvenezuelien\/wp-json\/wp\/v2\/pages\/1551\/revisions"}],"wp:attachment":[{"href":"https:\/\/mc2-productions.net\/site\/femmesduchaosvenezuelien\/wp-json\/wp\/v2\/media?parent=1551"}],"curies":[{"name":"wp","href":"https:\/\/api.w.org\/{rel}","templated":true}]}}