{"id":151,"date":"2015-04-11T17:28:40","date_gmt":"2015-04-11T17:28:40","guid":{"rendered":"http:\/\/mc2-productions.net\/inversionestalento\/?page_id=151"},"modified":"2015-04-11T17:28:40","modified_gmt":"2015-04-11T17:28:40","slug":"chuao-el-valle-maravilloso","status":"publish","type":"page","link":"https:\/\/mc2-productions.net\/inversionestalento\/producciones\/documentales\/chuao-el-valle-maravilloso\/","title":{"rendered":"Chuao, el Valle maravilloso"},"content":{"rendered":"<p><strong><img loading=\"lazy\" decoding=\"async\" class=\"alignright\" src=\"http:\/\/mc2-productions.net\/wp-content\/uploads\/2013\/12\/chuao1.jpg\" alt=\"\" width=\"231\" height=\"149\" \/>Documental<\/strong><\/p>\n<p><strong>Duraci\u00f3n<\/strong>: 52\u2019 min<\/p>\n<p><strong>Autores y directores: <\/strong>Hamilton Becerra et Ga\u00ebl Jacquemin.<\/p>\n<p><strong>Locaci\u00f3n<\/strong>: Venezuela.<\/p>\n<p><strong>Formato<\/strong>: V\u00eddeo num\u00e9rico.<\/p>\n<p><strong>Canales de diffusion: <\/strong>Odyss\u00e9e, Cityzen TV y RCTV.<\/p>\n<p>Chuao, es un peque\u00f1o pueblo de Venezuela, incrustado entre las monta\u00f1as y el mar. La gente de este lugar son los descendientes directos de los esclavos africanos tra\u00eddos hace tres siglos por los colonizadores espa\u00f1oles a cultivar cacao. Hoy en d\u00eda, en Chuao se produce el mejor cacao del mundo, totalmente ecol\u00f3gico y artesanal.<\/p>\n<h3><strong>Galer\u00eda de fotos<\/strong><\/h3>\n<p>Para mayor informaci\u00f3n:<\/p>\n<p><a href=\"http:\/\/www.imdb.com\/title\/tt1843870\/?ref_=nm_flmg_prd_6\" target=\"_blank\">http:\/\/www.imdb.com\/title\/tt1843870\/?ref_=nm_flmg_prd_6<\/a><\/p>\n<p><iframe loading=\"lazy\" src=\"\/\/www.youtube.com\/embed\/i5su9o99D-k?rel=0\" width=\"640\" height=\"480\" frameborder=\"0\" allowfullscreen=\"allowfullscreen\"><\/iframe><\/p>\n","protected":false},"excerpt":{"rendered":"<p>Documental Duraci\u00f3n: 52\u2019 min Autores y directores: Hamilton Becerra et Ga\u00ebl Jacquemin. Locaci\u00f3n: Venezuela. Formato: V\u00eddeo num\u00e9rico. Canales de diffusion: Odyss\u00e9e, Cityzen TV y RCTV. Chuao, es un peque\u00f1o pueblo de Venezuela, incrustado entre las monta\u00f1as y el mar. La gente de este lugar son los descendientes directos de los esclavos africanos tra\u00eddos hace tres [&hellip;]<\/p>\n","protected":false},"author":1,"featured_media":0,"parent":15,"menu_order":0,"comment_status":"open","ping_status":"open","template":"","meta":{"footnotes":""},"class_list":["post-151","page","type-page","status-publish","hentry"],"aioseo_notices":[],"_links":{"self":[{"href":"https:\/\/mc2-productions.net\/inversionestalento\/wp-json\/wp\/v2\/pages\/151","targetHints":{"allow":["GET"]}}],"collection":[{"href":"https:\/\/mc2-productions.net\/inversionestalento\/wp-json\/wp\/v2\/pages"}],"about":[{"href":"https:\/\/mc2-productions.net\/inversionestalento\/wp-json\/wp\/v2\/types\/page"}],"author":[{"embeddable":true,"href":"https:\/\/mc2-productions.net\/inversionestalento\/wp-json\/wp\/v2\/users\/1"}],"replies":[{"embeddable":true,"href":"https:\/\/mc2-productions.net\/inversionestalento\/wp-json\/wp\/v2\/comments?post=151"}],"version-history":[{"count":1,"href":"https:\/\/mc2-productions.net\/inversionestalento\/wp-json\/wp\/v2\/pages\/151\/revisions"}],"predecessor-version":[{"id":152,"href":"https:\/\/mc2-productions.net\/inversionestalento\/wp-json\/wp\/v2\/pages\/151\/revisions\/152"}],"up":[{"embeddable":true,"href":"https:\/\/mc2-productions.net\/inversionestalento\/wp-json\/wp\/v2\/pages\/15"}],"wp:attachment":[{"href":"https:\/\/mc2-productions.net\/inversionestalento\/wp-json\/wp\/v2\/media?parent=151"}],"curies":[{"name":"wp","href":"https:\/\/api.w.org\/{rel}","templated":true}]}}