{"id":149,"date":"2015-04-11T17:27:31","date_gmt":"2015-04-11T17:27:31","guid":{"rendered":"http:\/\/mc2-productions.net\/inversionestalento\/?page_id=149"},"modified":"2018-03-07T12:10:35","modified_gmt":"2018-03-07T12:10:35","slug":"macondo","status":"publish","type":"page","link":"https:\/\/mc2-productions.net\/inversionestalento\/producciones\/documentales\/macondo\/","title":{"rendered":"Macondo"},"content":{"rendered":"<p><strong><img loading=\"lazy\" decoding=\"async\" class=\"alignright\" src=\"http:\/\/mc2-productions.net\/wp-content\/uploads\/2013\/12\/macondo1.jpg\" alt=\"\" width=\"220\" height=\"133\" \/>Documental <\/strong><\/p>\n<p><strong>Directora y autora<\/strong>: Margarita Cadenas<\/p>\n<p><strong>Gui\u00f3n:<\/strong>\u00a0Margarita Cadenas<\/p>\n<p>Documental que invita a una reflexi\u00f3n sobre la importancia del patrimonio cultural y de la memoria hist\u00f3rica de un pa\u00eds, a trav\u00e9s del paso de personalidades y acontecimientos que ocurrieron en la casa de los Otero Castillo, familia pluralista y cosmopolita, en la d\u00e9cada de los sesenta en Caracas<\/p>\n<p>El documental \u201cMacondo\u201d (2009): Presentada en Los Encuentros Internacionales Paris-Berlin-Madrid y distribuida en salas por Trasnocho en Venezuela.<\/p>\n<p>Para mayor informaci\u00f3n:<\/p>\n<p><a href=\"http:\/\/www.imdb.com\/title\/tt1484079\/?ref_=nm_flmg_prd_2\" target=\"_blank\" rel=\"noopener\">http:\/\/www.imdb.com\/title\/tt1484079\/?ref_=nm_flmg_prd_2<\/a><\/p>\n<p><iframe loading=\"lazy\" src=\"\/\/www.youtube.com\/embed\/cz3aZVVTZtM?rel=0\" width=\"640\" height=\"480\" frameborder=\"0\" allowfullscreen=\"allowfullscreen\"><\/iframe><\/p>\n<h3><strong>Galer\u00eda de fotos<\/strong><\/h3>\n<style type=\"text\/css\">\n\t\t\t#gallery-1 {\n\t\t\t\tmargin: auto;\n\t\t\t}\n\t\t\t#gallery-1 .gallery-item {\n\t\t\t\tfloat: left;\n\t\t\t\tmargin-top: 10px;\n\t\t\t\ttext-align: center;\n\t\t\t\twidth: 33%;\n\t\t\t}\n\t\t\t#gallery-1 img {\n\t\t\t\tborder: 2px solid #cfcfcf;\n\t\t\t}\n\t\t\t#gallery-1 .gallery-caption {\n\t\t\t\tmargin-left: 0;\n\t\t\t}\n\t\t\t\/* see gallery_shortcode() in wp-includes\/media.php *\/\n\t\t<\/style>\n<div id='gallery-1' class='gallery galleryid-149 gallery-columns-3 gallery-size-medium'>\n<dl class='gallery-item'>\n<dt class='gallery-icon landscape'>\n\t\t\t\t<a class=\"prettyPhoto[mixed]\" href='https:\/\/mc2-productions.net\/inversionestalento\/wp-content\/uploads\/2018\/03\/MACONDO1.jpg'><img loading=\"lazy\" decoding=\"async\" width=\"250\" height=\"181\" src=\"https:\/\/mc2-productions.net\/inversionestalento\/wp-content\/uploads\/2018\/03\/MACONDO1-250x181.jpg\" class=\"attachment-medium size-medium\" alt=\"\" srcset=\"https:\/\/mc2-productions.net\/inversionestalento\/wp-content\/uploads\/2018\/03\/MACONDO1-250x181.jpg 250w, https:\/\/mc2-productions.net\/inversionestalento\/wp-content\/uploads\/2018\/03\/MACONDO1-768x556.jpg 768w, https:\/\/mc2-productions.net\/inversionestalento\/wp-content\/uploads\/2018\/03\/MACONDO1-680x492.jpg 680w, https:\/\/mc2-productions.net\/inversionestalento\/wp-content\/uploads\/2018\/03\/MACONDO1-125x90.jpg 125w, https:\/\/mc2-productions.net\/inversionestalento\/wp-content\/uploads\/2018\/03\/MACONDO1.jpg 980w\" sizes=\"auto, (max-width: 250px) 100vw, 250px\" \/><\/a>\n\t\t\t<\/dt>\n<\/dl>\n<dl class='gallery-item'>\n<dt class='gallery-icon landscape'>\n\t\t\t\t<a class=\"prettyPhoto[mixed]\" href='https:\/\/mc2-productions.net\/inversionestalento\/wp-content\/uploads\/2018\/03\/MACONDO2.jpg'><img loading=\"lazy\" decoding=\"async\" width=\"250\" height=\"197\" src=\"https:\/\/mc2-productions.net\/inversionestalento\/wp-content\/uploads\/2018\/03\/MACONDO2-250x197.jpg\" class=\"attachment-medium size-medium\" alt=\"\" srcset=\"https:\/\/mc2-productions.net\/inversionestalento\/wp-content\/uploads\/2018\/03\/MACONDO2-250x197.jpg 250w, https:\/\/mc2-productions.net\/inversionestalento\/wp-content\/uploads\/2018\/03\/MACONDO2-768x604.jpg 768w, https:\/\/mc2-productions.net\/inversionestalento\/wp-content\/uploads\/2018\/03\/MACONDO2-680x535.jpg 680w, https:\/\/mc2-productions.net\/inversionestalento\/wp-content\/uploads\/2018\/03\/MACONDO2-125x98.jpg 125w, https:\/\/mc2-productions.net\/inversionestalento\/wp-content\/uploads\/2018\/03\/MACONDO2-167x131.jpg 167w, https:\/\/mc2-productions.net\/inversionestalento\/wp-content\/uploads\/2018\/03\/MACONDO2-638x500.jpg 638w, https:\/\/mc2-productions.net\/inversionestalento\/wp-content\/uploads\/2018\/03\/MACONDO2.jpg 980w\" sizes=\"auto, (max-width: 250px) 100vw, 250px\" \/><\/a>\n\t\t\t<\/dt>\n<\/dl>\n<dl class='gallery-item'>\n<dt class='gallery-icon landscape'>\n\t\t\t\t<a class=\"prettyPhoto[mixed]\" href='https:\/\/mc2-productions.net\/inversionestalento\/wp-content\/uploads\/2018\/03\/MACONDO3.jpg'><img loading=\"lazy\" decoding=\"async\" width=\"250\" height=\"165\" src=\"https:\/\/mc2-productions.net\/inversionestalento\/wp-content\/uploads\/2018\/03\/MACONDO3-250x165.jpg\" class=\"attachment-medium size-medium\" alt=\"\" srcset=\"https:\/\/mc2-productions.net\/inversionestalento\/wp-content\/uploads\/2018\/03\/MACONDO3-250x165.jpg 250w, https:\/\/mc2-productions.net\/inversionestalento\/wp-content\/uploads\/2018\/03\/MACONDO3-768x507.jpg 768w, https:\/\/mc2-productions.net\/inversionestalento\/wp-content\/uploads\/2018\/03\/MACONDO3-680x449.jpg 680w, https:\/\/mc2-productions.net\/inversionestalento\/wp-content\/uploads\/2018\/03\/MACONDO3-125x83.jpg 125w, https:\/\/mc2-productions.net\/inversionestalento\/wp-content\/uploads\/2018\/03\/MACONDO3.jpg 980w\" sizes=\"auto, (max-width: 250px) 100vw, 250px\" \/><\/a>\n\t\t\t<\/dt>\n<\/dl>\n<p><br style=\"clear: both\" \/><\/p>\n<dl class='gallery-item'>\n<dt class='gallery-icon landscape'>\n\t\t\t\t<a class=\"prettyPhoto[mixed]\" href='https:\/\/mc2-productions.net\/inversionestalento\/wp-content\/uploads\/2018\/03\/MACONDO4.jpg'><img loading=\"lazy\" decoding=\"async\" width=\"250\" height=\"163\" src=\"https:\/\/mc2-productions.net\/inversionestalento\/wp-content\/uploads\/2018\/03\/MACONDO4-250x163.jpg\" class=\"attachment-medium size-medium\" alt=\"\" srcset=\"https:\/\/mc2-productions.net\/inversionestalento\/wp-content\/uploads\/2018\/03\/MACONDO4-250x163.jpg 250w, https:\/\/mc2-productions.net\/inversionestalento\/wp-content\/uploads\/2018\/03\/MACONDO4-768x500.jpg 768w, https:\/\/mc2-productions.net\/inversionestalento\/wp-content\/uploads\/2018\/03\/MACONDO4-680x443.jpg 680w, https:\/\/mc2-productions.net\/inversionestalento\/wp-content\/uploads\/2018\/03\/MACONDO4-125x81.jpg 125w, https:\/\/mc2-productions.net\/inversionestalento\/wp-content\/uploads\/2018\/03\/MACONDO4.jpg 980w\" sizes=\"auto, (max-width: 250px) 100vw, 250px\" \/><\/a>\n\t\t\t<\/dt>\n<\/dl>\n<dl class='gallery-item'>\n<dt class='gallery-icon landscape'>\n\t\t\t\t<a class=\"prettyPhoto[mixed]\" href='https:\/\/mc2-productions.net\/inversionestalento\/wp-content\/uploads\/2018\/03\/MACONDO5.jpg'><img loading=\"lazy\" decoding=\"async\" width=\"250\" height=\"181\" src=\"https:\/\/mc2-productions.net\/inversionestalento\/wp-content\/uploads\/2018\/03\/MACONDO5-250x181.jpg\" class=\"attachment-medium size-medium\" alt=\"\" srcset=\"https:\/\/mc2-productions.net\/inversionestalento\/wp-content\/uploads\/2018\/03\/MACONDO5-250x181.jpg 250w, https:\/\/mc2-productions.net\/inversionestalento\/wp-content\/uploads\/2018\/03\/MACONDO5-768x557.jpg 768w, https:\/\/mc2-productions.net\/inversionestalento\/wp-content\/uploads\/2018\/03\/MACONDO5-680x493.jpg 680w, https:\/\/mc2-productions.net\/inversionestalento\/wp-content\/uploads\/2018\/03\/MACONDO5-125x91.jpg 125w, https:\/\/mc2-productions.net\/inversionestalento\/wp-content\/uploads\/2018\/03\/MACONDO5.jpg 980w\" sizes=\"auto, (max-width: 250px) 100vw, 250px\" \/><\/a>\n\t\t\t<\/dt>\n<\/dl>\n<p>\t\t\t<br style='clear: both' \/>\n\t\t<\/div>\n","protected":false},"excerpt":{"rendered":"<p>Documental Directora y autora: Margarita Cadenas Gui\u00f3n:\u00a0Margarita Cadenas Documental que invita a una reflexi\u00f3n sobre la importancia del patrimonio cultural y de la memoria hist\u00f3rica de un pa\u00eds, a trav\u00e9s del paso de personalidades y acontecimientos que ocurrieron en la casa de los Otero Castillo, familia pluralista y cosmopolita, en la d\u00e9cada de los sesenta [&hellip;]<\/p>\n","protected":false},"author":1,"featured_media":0,"parent":15,"menu_order":0,"comment_status":"open","ping_status":"open","template":"","meta":{"footnotes":""},"class_list":["post-149","page","type-page","status-publish","hentry"],"aioseo_notices":[],"_links":{"self":[{"href":"https:\/\/mc2-productions.net\/inversionestalento\/wp-json\/wp\/v2\/pages\/149","targetHints":{"allow":["GET"]}}],"collection":[{"href":"https:\/\/mc2-productions.net\/inversionestalento\/wp-json\/wp\/v2\/pages"}],"about":[{"href":"https:\/\/mc2-productions.net\/inversionestalento\/wp-json\/wp\/v2\/types\/page"}],"author":[{"embeddable":true,"href":"https:\/\/mc2-productions.net\/inversionestalento\/wp-json\/wp\/v2\/users\/1"}],"replies":[{"embeddable":true,"href":"https:\/\/mc2-productions.net\/inversionestalento\/wp-json\/wp\/v2\/comments?post=149"}],"version-history":[{"count":5,"href":"https:\/\/mc2-productions.net\/inversionestalento\/wp-json\/wp\/v2\/pages\/149\/revisions"}],"predecessor-version":[{"id":223,"href":"https:\/\/mc2-productions.net\/inversionestalento\/wp-json\/wp\/v2\/pages\/149\/revisions\/223"}],"up":[{"embeddable":true,"href":"https:\/\/mc2-productions.net\/inversionestalento\/wp-json\/wp\/v2\/pages\/15"}],"wp:attachment":[{"href":"https:\/\/mc2-productions.net\/inversionestalento\/wp-json\/wp\/v2\/media?parent=149"}],"curies":[{"name":"wp","href":"https:\/\/api.w.org\/{rel}","templated":true}]}}