{"id":147,"date":"2015-04-11T17:26:18","date_gmt":"2015-04-11T17:26:18","guid":{"rendered":"http:\/\/mc2-productions.net\/inversionestalento\/?page_id=147"},"modified":"2015-04-11T17:26:18","modified_gmt":"2015-04-11T17:26:18","slug":"corro-caracas","status":"publish","type":"page","link":"https:\/\/mc2-productions.net\/inversionestalento\/producciones\/documentales\/corro-caracas\/","title":{"rendered":"Corro Caracas"},"content":{"rendered":"<p>Los caraque\u00f1os est\u00e1n decididos a reconquistar sus espacios p\u00fablicos y algunos toman las calles\u2026 corriendo.<\/p>\n<p>El caos, la inseguridad y el insoportable tr\u00e1nsito ya no son hoy obst\u00e1culos para muchos corredores de Caracas, que engrosan las cada vez m\u00e1s frecuentes carreras urbanas, son vistos por las calles creando sus propios circuitos, y es que sin importar que sea de madrugada, de tarde o de noche: la nota es correr.<\/p>\n<p>Corro Caracas es un documental que cuenta la historia de cinco personas, de realidades distintas, unidas por el ajetreo de la ciudad y la pasi\u00f3n por correr.<\/p>\n<p><iframe loading=\"lazy\" src=\"https:\/\/player.vimeo.com\/video\/50265430\" width=\"500\" height=\"281\" frameborder=\"0\" allowfullscreen=\"allowfullscreen\"><\/iframe><\/p>\n","protected":false},"excerpt":{"rendered":"<p>Los caraque\u00f1os est\u00e1n decididos a reconquistar sus espacios p\u00fablicos y algunos toman las calles\u2026 corriendo. El caos, la inseguridad y el insoportable tr\u00e1nsito ya no son hoy obst\u00e1culos para muchos corredores de Caracas, que engrosan las cada vez m\u00e1s frecuentes carreras urbanas, son vistos por las calles creando sus propios circuitos, y es que sin [&hellip;]<\/p>\n","protected":false},"author":1,"featured_media":0,"parent":15,"menu_order":0,"comment_status":"open","ping_status":"open","template":"","meta":{"footnotes":""},"class_list":["post-147","page","type-page","status-publish","hentry"],"aioseo_notices":[],"_links":{"self":[{"href":"https:\/\/mc2-productions.net\/inversionestalento\/wp-json\/wp\/v2\/pages\/147","targetHints":{"allow":["GET"]}}],"collection":[{"href":"https:\/\/mc2-productions.net\/inversionestalento\/wp-json\/wp\/v2\/pages"}],"about":[{"href":"https:\/\/mc2-productions.net\/inversionestalento\/wp-json\/wp\/v2\/types\/page"}],"author":[{"embeddable":true,"href":"https:\/\/mc2-productions.net\/inversionestalento\/wp-json\/wp\/v2\/users\/1"}],"replies":[{"embeddable":true,"href":"https:\/\/mc2-productions.net\/inversionestalento\/wp-json\/wp\/v2\/comments?post=147"}],"version-history":[{"count":1,"href":"https:\/\/mc2-productions.net\/inversionestalento\/wp-json\/wp\/v2\/pages\/147\/revisions"}],"predecessor-version":[{"id":148,"href":"https:\/\/mc2-productions.net\/inversionestalento\/wp-json\/wp\/v2\/pages\/147\/revisions\/148"}],"up":[{"embeddable":true,"href":"https:\/\/mc2-productions.net\/inversionestalento\/wp-json\/wp\/v2\/pages\/15"}],"wp:attachment":[{"href":"https:\/\/mc2-productions.net\/inversionestalento\/wp-json\/wp\/v2\/media?parent=147"}],"curies":[{"name":"wp","href":"https:\/\/api.w.org\/{rel}","templated":true}]}}