{"id":13,"date":"2015-03-11T14:22:24","date_gmt":"2015-03-11T14:22:24","guid":{"rendered":"http:\/\/mc2-productions.net\/inversionestalento\/?page_id=13"},"modified":"2015-09-08T01:50:59","modified_gmt":"2015-09-08T01:50:59","slug":"largometraje","status":"publish","type":"page","link":"https:\/\/mc2-productions.net\/inversionestalento\/producciones\/largometraje\/","title":{"rendered":"Largometraje"},"content":{"rendered":"<h2><span style=\"color: #0000ff;\"><strong>\u201cCenizas Eternas\u201d \/ \u201cCendres \u00e9ternelles\u201d<\/strong><\/span><\/h2>\n<p><a href=\"http:\/\/www.inversionestalento.net\/cenizaseternas\" target=\"_blank\"><img loading=\"lazy\" decoding=\"async\" class=\"aligncenter wp-image-128 size-full\" src=\"http:\/\/mc2-productions.net\/inversionestalento\/wp-content\/uploads\/2015\/03\/cenizas.jpg\" alt=\"cenizas\" width=\"600\" height=\"425\" srcset=\"https:\/\/mc2-productions.net\/inversionestalento\/wp-content\/uploads\/2015\/03\/cenizas.jpg 600w, https:\/\/mc2-productions.net\/inversionestalento\/wp-content\/uploads\/2015\/03\/cenizas-250x177.jpg 250w, https:\/\/mc2-productions.net\/inversionestalento\/wp-content\/uploads\/2015\/03\/cenizas-125x89.jpg 125w\" sizes=\"auto, (max-width: 600px) 100vw, 600px\" \/><\/a><\/p>\n<p><strong>Largo-metraje: <\/strong>(<a href=\"http:\/\/www.inversionestalento.net\/cenizaseternas\" target=\"_blank\">http:\/\/www.inversionestalento.net\/cenizaseternas<\/a>)<\/p>\n<p><strong>Directora y autora:<\/strong> Margarita Cadenas.<\/p>\n<p><strong>Gui\u00f3n:<\/strong>\u00a0Margarita Cadenas.<\/p>\n<p><strong>Co-producci\u00f3n<\/strong>: Venezuela, Francia.<\/p>\n<p><strong>Presupuesto<\/strong>: 2,50M \u20ac<\/p>\n<p><strong>Distribuci\u00f3n<\/strong>\u00a0<strong>en salas Venezuela<\/strong>: Cines Unidos.<\/p>\n<p><strong>Distribuci\u00f3n TV USA<\/strong>: Somos Distribution.<\/p>\n<p><strong>Ventes TV France, Benelux, Suisse<\/strong>: DA Carrere Group. &#8211;\u00a0<a href=\"http:\/\/carreregroupda.com\/cendres-eternelles\/\">http:\/\/carreregroupda.com\/cendres-eternelles\/<\/a><\/p>\n<p><strong>Ventes internationales<\/strong>: Film Export Group &#8211;\u00a0<a href=\"http:\/\/www.filmexport.net\/?portfolio=eternal-ash\">http:\/\/www.filmexport.net\/?portfolio=eternal-ash<\/a><\/p>\n<p>\u201cCendres \u00e9ternelles\u201d \/ \u201cCenizas Eternas\u201d, cuenta la historia de una madre y su hija que separadas por un accidente del destino quedan unidas para siempre. El pueblo y la cultura milenaria de los Yanomamis sirven de escenario o marco de esta historia que nos habla de esos nexos inquebrantables de la descendencia, del amor, de la poes\u00eda, de la sabidur\u00eda y sobretodo de la humanidad.<\/p>\n<p>En Venezuela fue estrenada en las salas del Circuido Cines Unidos en las ciudades m\u00e1s importantes del pa\u00eds el 9 de diciembre de 2011, manteni\u00e9ndose en cartelera hasta el 23 de marzo de 2012.<\/p>\n<p><iframe loading=\"lazy\" src=\"\/\/www.youtube.com\/embed\/0tvoQyylRF8?rel=0\" width=\"640\" height=\"360\" frameborder=\"0\" allowfullscreen=\"allowfullscreen\"><\/iframe><\/p>\n<h3>\u00a0<strong>Premios y Nominaciones <\/strong><\/h3>\n<ul>\n<li style=\"padding-left: 30px;\">Premio del P\u00fablico, II Festival Dones en Art i Cinema, Valencia, Espa\u00f1a 2012.<\/li>\n<li style=\"padding-left: 30px;\">Premio Mejor Banda Sonora en el XXVII Festival Latinoamericano de Trieste, Italia 2012.<\/li>\n<li style=\"padding-left: 30px;\">Nominada en Competencia Mundial de las mejores Operas Primas de la Selecci\u00f3n Oficial del XXXV -Festival Mundial de Cine de Montreal, Canad\u00e1 2011.<\/li>\n<li style=\"padding-left: 30px;\">Selecci\u00f3n Oficial en el Festival de los Reflejos del Cine Ib\u00e9rico en Villeurbanne, France 2012.<\/li>\n<li style=\"padding-left: 30px;\">Nominada como Mejor pel\u00edcula en Competencia Nacional en el Festival de Cine de M\u00e9rida, Venezuela 2012.<\/li>\n<li style=\"padding-left: 30px;\">Presentada en el Festival de Cine Actual, Martigny, Suisse 2012.<\/li>\n<li style=\"padding-left: 30px;\">Bienal de Arte Contempor\u00e1neo, Marcigny, France 2012.<\/li>\n<li style=\"padding-left: 30px;\">Festival de Auray, Francia 2012.<\/li>\n<li style=\"padding-left: 30px;\">Festival de las Espiritualidades, Puerto Ordaz, Venezuela 2012.<\/li>\n<li style=\"padding-left: 30px;\">6\u00b0 Festival de Cine del Mar, Punta del Este, Uruguay 2013.<\/li>\n<li style=\"padding-left: 30px;\">Festival Your Kontinent, Colombia Brit\u00e1nica, Canad\u00e1 2013.<\/li>\n<li style=\"padding-left: 30px;\">Seleccionada en XVIII Festival de Cine Iberoamericano de Boston, Boston, Estados Unidos 2013.<\/li>\n<li style=\"padding-left: 30px;\">Festival de Cine Babel, Cagliari, Italia 2013.<\/li>\n<\/ul>\n<h3><strong>Galer\u00eda de fotos<\/strong><\/h3>\n<p>Para mayor informaci\u00f3n:<\/p>\n<p><a href=\"http:\/\/www.imdb.com\/title\/tt1734417\/?ref_=nm_flmg_prd_1\" target=\"_blank\">http:\/\/www.imdb.com\/title\/tt1734417\/?ref_=nm_flmg_prd_1<\/a><\/p>\n<p><strong>2015 <\/strong><\/p>\n<p>PRE-ESTRENO DE CENIZAS ETERNAS de Margarita Cadena.<\/p>\n<p>Mi\u00e9rcoles 9 de septiembre a las 21h00 &#8211; CLUB INFORMACI\u00d3N de ALICANTE.<\/p>\n<p><a href=\"http:\/\/mc2-productions.net\/inversionestalento\/wp-content\/uploads\/2015\/03\/CENIZAS-ETERNAS-de-Margarita-Cadenas-en-Club-Informaci\u00f3n-Alicante.jpg\"><img loading=\"lazy\" decoding=\"async\" class=\"wp-image-211 alignleft\" src=\"http:\/\/mc2-productions.net\/inversionestalento\/wp-content\/uploads\/2015\/03\/CENIZAS-ETERNAS-de-Margarita-Cadenas-en-Club-Informaci\u00f3n-Alicante.jpg\" alt=\"CENIZAS ETERNAS de Margarita Cadenas en Club Informaci\u00f3n Alicante\" width=\"635\" height=\"821\" srcset=\"https:\/\/mc2-productions.net\/inversionestalento\/wp-content\/uploads\/2015\/03\/CENIZAS-ETERNAS-de-Margarita-Cadenas-en-Club-Informaci\u00f3n-Alicante.jpg 1275w, https:\/\/mc2-productions.net\/inversionestalento\/wp-content\/uploads\/2015\/03\/CENIZAS-ETERNAS-de-Margarita-Cadenas-en-Club-Informaci\u00f3n-Alicante-250x324.jpg 250w, https:\/\/mc2-productions.net\/inversionestalento\/wp-content\/uploads\/2015\/03\/CENIZAS-ETERNAS-de-Margarita-Cadenas-en-Club-Informaci\u00f3n-Alicante-680x880.jpg 680w, https:\/\/mc2-productions.net\/inversionestalento\/wp-content\/uploads\/2015\/03\/CENIZAS-ETERNAS-de-Margarita-Cadenas-en-Club-Informaci\u00f3n-Alicante-125x162.jpg 125w\" sizes=\"auto, (max-width: 635px) 100vw, 635px\" \/><\/a><\/p>\n","protected":false},"excerpt":{"rendered":"<p>\u201cCenizas Eternas\u201d \/ \u201cCendres \u00e9ternelles\u201d Largo-metraje: (http:\/\/www.inversionestalento.net\/cenizaseternas) Directora y autora: Margarita Cadenas. Gui\u00f3n:\u00a0Margarita Cadenas. Co-producci\u00f3n: Venezuela, Francia. Presupuesto: 2,50M \u20ac Distribuci\u00f3n\u00a0en salas Venezuela: Cines Unidos. Distribuci\u00f3n TV USA: Somos Distribution. Ventes TV France, Benelux, Suisse: DA Carrere Group. &#8211;\u00a0http:\/\/carreregroupda.com\/cendres-eternelles\/ Ventes internationales: Film Export Group &#8211;\u00a0http:\/\/www.filmexport.net\/?portfolio=eternal-ash \u201cCendres \u00e9ternelles\u201d \/ \u201cCenizas Eternas\u201d, cuenta la historia de una [&hellip;]<\/p>\n","protected":false},"author":1,"featured_media":0,"parent":7,"menu_order":0,"comment_status":"open","ping_status":"open","template":"","meta":{"footnotes":""},"class_list":["post-13","page","type-page","status-publish","hentry"],"aioseo_notices":[],"_links":{"self":[{"href":"https:\/\/mc2-productions.net\/inversionestalento\/wp-json\/wp\/v2\/pages\/13","targetHints":{"allow":["GET"]}}],"collection":[{"href":"https:\/\/mc2-productions.net\/inversionestalento\/wp-json\/wp\/v2\/pages"}],"about":[{"href":"https:\/\/mc2-productions.net\/inversionestalento\/wp-json\/wp\/v2\/types\/page"}],"author":[{"embeddable":true,"href":"https:\/\/mc2-productions.net\/inversionestalento\/wp-json\/wp\/v2\/users\/1"}],"replies":[{"embeddable":true,"href":"https:\/\/mc2-productions.net\/inversionestalento\/wp-json\/wp\/v2\/comments?post=13"}],"version-history":[{"count":20,"href":"https:\/\/mc2-productions.net\/inversionestalento\/wp-json\/wp\/v2\/pages\/13\/revisions"}],"predecessor-version":[{"id":212,"href":"https:\/\/mc2-productions.net\/inversionestalento\/wp-json\/wp\/v2\/pages\/13\/revisions\/212"}],"up":[{"embeddable":true,"href":"https:\/\/mc2-productions.net\/inversionestalento\/wp-json\/wp\/v2\/pages\/7"}],"wp:attachment":[{"href":"https:\/\/mc2-productions.net\/inversionestalento\/wp-json\/wp\/v2\/media?parent=13"}],"curies":[{"name":"wp","href":"https:\/\/api.w.org\/{rel}","templated":true}]}}