{"id":11,"date":"2015-03-11T14:22:07","date_gmt":"2015-03-11T14:22:07","guid":{"rendered":"http:\/\/mc2-productions.net\/inversionestalento\/?page_id=11"},"modified":"2015-03-24T01:49:43","modified_gmt":"2015-03-24T01:49:43","slug":"cortometraje","status":"publish","type":"page","link":"https:\/\/mc2-productions.net\/inversionestalento\/producciones\/cortometraje\/","title":{"rendered":"Cortometraje"},"content":{"rendered":"<h2><span style=\"color: #0000ff;\"><strong>M\u00e1scaras<\/strong><\/span><\/h2>\n<p><strong><img loading=\"lazy\" decoding=\"async\" class=\"alignright\" src=\"http:\/\/mc2-productions.net\/wp-content\/uploads\/2013\/12\/mascaras1.jpg\" alt=\"\" width=\"152\" height=\"197\" \/>Directora y autora<\/strong>: Margarita Cadenas<\/p>\n<p>Los cuatro cortometrajes \u201cM\u00e1scaras\u201d conforman una idea general desarrollada individualmente en los 60\u2019 que dura cada uno.<\/p>\n<p>El concepto de cada cortometraje es dar una primera impresi\u00f3n que invita a descubrir que es lo que hay detr\u00e1s.<\/p>\n<p>El signo de interrogaci\u00f3n en cada t\u00edtulo es para incitar a no estar seguro de que es lo que uno est\u00e1 viendo.<\/p>\n<p>Yo utilizo el s\u00edmbolo de la m\u00e1scara para unir los cuatro cortometrajes con el fin de dar un sentido de ambig\u00fcedad de la realidad.<\/p>\n<p><iframe loading=\"lazy\" src=\"\/\/www.youtube.com\/embed\/fehWKO_nhCU?rel=0\" width=\"640\" height=\"480\" frameborder=\"0\" allowfullscreen=\"allowfullscreen\"><\/iframe><\/p>\n<h3>Cap\u00edtulos:<\/h3>\n<ul>\n<li><strong>\u00bfPasi\u00f3n?<\/strong><br \/>\n\u00bfEsta pareja, est\u00e1n a punto de compartir un momento de emoci\u00f3n o un deseo intenso?<\/li>\n<li><strong>\u00bfLamentar?<\/strong><br \/>\nUna mujer de edad madura y un hombre joven \u00bfEllos est\u00e1n a punto de lamentar alguna cosa?<\/li>\n<li><strong>\u00bfGourmet?<\/strong><br \/>\n\u00bfEsta mesa est\u00e1 servida para un fest\u00edn para gente con gusto exquisito?<\/li>\n<li>\u00bf<strong>Obsesi\u00f3n?<\/strong><br \/>\nEste hombre meticuloso, \u00bfest\u00e1 concentrado en su ritual cotidiano de perfecci\u00f3n?<\/li>\n<\/ul>\n<h3>Seleccionada en:<\/h3>\n<p>&#8211; Festival de Cine de La Habana.<\/p>\n<p>&#8211; Festival Internacional \u201cShort Film\u201d de Puerto Rico.<\/p>\n<p>&#8211; Festival Internacional de Cine de Calcuta.<\/p>\n<p>&#8211; Festival Internacional de Cine de Shangh\u00e1i.<\/p>\n<h3>Galer\u00eda de fotos:<\/h3>\n<p>Para mayor informaci\u00f3n:<\/p>\n<p><a href=\"http:\/\/www.imdb.com\/title\/tt1421045\/?ref_=nm_flmg_prd_3\" target=\"_blank\">http:\/\/www.imdb.com\/title\/tt1421045\/?ref_=nm_flmg_prd_3<\/a><\/p>\n","protected":false},"excerpt":{"rendered":"<p>M\u00e1scaras Directora y autora: Margarita Cadenas Los cuatro cortometrajes \u201cM\u00e1scaras\u201d conforman una idea general desarrollada individualmente en los 60\u2019 que dura cada uno. El concepto de cada cortometraje es dar una primera impresi\u00f3n que invita a descubrir que es lo que hay detr\u00e1s. El signo de interrogaci\u00f3n en cada t\u00edtulo es para incitar a no [&hellip;]<\/p>\n","protected":false},"author":1,"featured_media":0,"parent":7,"menu_order":0,"comment_status":"open","ping_status":"open","template":"","meta":{"footnotes":""},"class_list":["post-11","page","type-page","status-publish","hentry"],"aioseo_notices":[],"_links":{"self":[{"href":"https:\/\/mc2-productions.net\/inversionestalento\/wp-json\/wp\/v2\/pages\/11","targetHints":{"allow":["GET"]}}],"collection":[{"href":"https:\/\/mc2-productions.net\/inversionestalento\/wp-json\/wp\/v2\/pages"}],"about":[{"href":"https:\/\/mc2-productions.net\/inversionestalento\/wp-json\/wp\/v2\/types\/page"}],"author":[{"embeddable":true,"href":"https:\/\/mc2-productions.net\/inversionestalento\/wp-json\/wp\/v2\/users\/1"}],"replies":[{"embeddable":true,"href":"https:\/\/mc2-productions.net\/inversionestalento\/wp-json\/wp\/v2\/comments?post=11"}],"version-history":[{"count":9,"href":"https:\/\/mc2-productions.net\/inversionestalento\/wp-json\/wp\/v2\/pages\/11\/revisions"}],"predecessor-version":[{"id":108,"href":"https:\/\/mc2-productions.net\/inversionestalento\/wp-json\/wp\/v2\/pages\/11\/revisions\/108"}],"up":[{"embeddable":true,"href":"https:\/\/mc2-productions.net\/inversionestalento\/wp-json\/wp\/v2\/pages\/7"}],"wp:attachment":[{"href":"https:\/\/mc2-productions.net\/inversionestalento\/wp-json\/wp\/v2\/media?parent=11"}],"curies":[{"name":"wp","href":"https:\/\/api.w.org\/{rel}","templated":true}]}}